{"id":44,"date":"2015-09-23T12:14:45","date_gmt":"2015-09-23T12:14:45","guid":{"rendered":"http:\/\/showcase.omnicom-dev.com\/wedding\/?page_id=44"},"modified":"2023-05-05T10:51:11","modified_gmt":"2023-05-05T07:51:11","slug":"contact","status":"publish","type":"page","link":"https:\/\/ageo.ro\/biz\/contact\/","title":{"rendered":"Contact"},"content":{"rendered":"<div class=\"bt_rc_container\"><section id=\"bt_section69ecb515330e9\" data-parallax=\"0.2\" data-parallax-offset=\"0\" class=\"boldSection topExtraSpaced bottomSpaced btDarkSkin gutter inherit btParallax wBackground cover\" style=\"background-image:url('https:\/\/ageo.ro\/biz\/wp-content\/uploads\/2021\/04\/Contact-1.png');\" data-animation-icon=\"no_icon\"><div class=\"port\"><div class=\"boldCell\"><div class=\"boldCellInner\"><div class=\"boldRow \" ><div class=\"boldRowInner\"><div class=\"rowItem col-md-12 col-ms-12  btTextCenter btMiddleVertical\"  data-width=\"12\"><div class=\"rowItemContent\" ><header class=\"header btClear extralarge\" ><div class=\"dash\"><h2><span class=\"headline\">Vrei mai multe informa\u0163ii despre Ageo Biz?\r<br>Contacteaz\u0103-ne!<\/span><\/h2><\/div><\/header><\/div><\/div><\/div><\/div><\/div><\/div><\/div><\/section><section id=\"bt_section69ecb51533784\"  class=\"boldSection topSpaced gutter inherit\" style=\"max-width: 800px; margin: auto;\"><div class=\"port\"><div class=\"boldCell\"><div class=\"boldCellInner\"><div class=\"boldRow \" ><div class=\"boldRowInner\"><div class=\"rowItem col-md-6 col-sm-12 btTextCenter inherit\"  data-width=\"6\"><div class=\"rowItemContent\" ><div class=\"btClear btSeparator bottomSmallSpaced noBorder\" ><hr><\/div><div class=\"btClear btSeparator bottomSmallSpaced noBorder\" ><hr><\/div><header class=\"header btClear extralarge btDash bottomDash\" ><div class=\"dash\"><h2><span class=\"headline\">Contact<\/span><\/h2><\/div><div class=\"btSubTitle\">+40 753.041.645\r<br>contact@ageo.ro\r<br>biz@ageo.ro\r<br>Luni \u2013 Vineri, 09:00 \u2013 17:00\r<br>Bd. Chimiei, nr. 12, Ia\u0219i, Rom\u00e2nia\r<br>\r<br>AGEO EVENTS\r<br>Divizia\r<br>Management Evenimente\r<br>&amp; Consultan\u021b\u0103 Marketing\r<br>parte a\r<br>BIOCOMP SRL\r<br>CUI: RO1973703\r<br>Reg. Com: J22\/1532\/1991\r<br>Punct de lucru: Ia\u0219i, Bld. Chimiei 12, etaj 1<\/div><\/header><div class=\"btClear btSeparator bottomSmallSpaced noBorder\" ><hr><\/div><\/div><\/div><div class=\"rowItem col-md-6 col-sm-12 btTextLeft\"  data-width=\"6\"><div class=\"rowItemContent\" ><div class=\"btText\" ><div class=\"wpcf7 no-js\" id=\"wpcf7-f1132-o1\" lang=\"ro-RO\" dir=\"ltr\">\n<div class=\"screen-reader-response\">\n<p role=\"status\" aria-live=\"polite\" aria-atomic=\"true\">\n<ul><\/ul>\n<\/div>\n<form action=\"\/biz\/wp-json\/wp\/v2\/pages\/44#wpcf7-f1132-o1\" method=\"post\" class=\"wpcf7-form init\" aria-label=\"Formular de contact\" novalidate=\"novalidate\" data-status=\"init\">\n<div style=\"display: none;\">\n<input type=\"hidden\" name=\"_wpcf7\" value=\"1132\" \/><br \/>\n<input type=\"hidden\" name=\"_wpcf7_version\" value=\"5.7.1\" \/><br \/>\n<input type=\"hidden\" name=\"_wpcf7_locale\" value=\"ro_RO\" \/><br \/>\n<input type=\"hidden\" name=\"_wpcf7_unit_tag\" value=\"wpcf7-f1132-o1\" \/><br \/>\n<input type=\"hidden\" name=\"_wpcf7_container_post\" value=\"0\" \/><br \/>\n<input type=\"hidden\" name=\"_wpcf7_posted_data_hash\" value=\"\" \/>\n<\/div>\n<p><span>Nume \u0219i Prenume<\/span><span class=\"wpcf7-form-control-wrap\" data-name=\"your-name\"><input size=\"40\" class=\"wpcf7-form-control wpcf7-text wpcf7-validates-as-required\" aria-required=\"true\" aria-invalid=\"false\" value=\"\" type=\"text\" name=\"your-name\" \/><\/span>\n<\/p>\n<p><span>Adresa de email<\/span><span class=\"wpcf7-form-control-wrap\" data-name=\"your-email\"><input size=\"40\" class=\"wpcf7-form-control wpcf7-text wpcf7-email wpcf7-validates-as-required wpcf7-validates-as-email\" aria-required=\"true\" aria-invalid=\"false\" value=\"\" type=\"email\" name=\"your-email\" \/><\/span>\n<\/p>\n<p><span>Subiectul<\/span><span class=\"wpcf7-form-control-wrap\" data-name=\"your-subject\"><input size=\"40\" class=\"wpcf7-form-control wpcf7-text\" aria-invalid=\"false\" value=\"\" type=\"text\" name=\"your-subject\" \/><\/span>\n<\/p>\n<p>Dac\u0103 vrei s\u0103 \u00ee\u021bi organizezi evenimentul \u00een una dintre s\u0103lile AGEO, te rug\u0103m s\u0103 completezi c\u00e2mpurile de mai jos:\n<\/p>\n<p><span>Sala<\/span><span class=\"wpcf7-form-control-wrap\" data-name=\"sala\"><input size=\"40\" class=\"wpcf7-form-control wpcf7-text\" aria-invalid=\"false\" value=\"\" type=\"text\" name=\"sala\" \/><\/span>\n<\/p>\n<p><span>Data evenimentului<\/span><span class=\"wpcf7-form-control-wrap\" data-name=\"data\"><input size=\"40\" class=\"wpcf7-form-control wpcf7-text\" aria-invalid=\"false\" value=\"\" type=\"text\" name=\"data\" \/><\/span>\n<\/p>\n<p><span>Intervalul orar<\/span><span class=\"wpcf7-form-control-wrap\" data-name=\"orar\"><input size=\"40\" class=\"wpcf7-form-control wpcf7-text\" aria-invalid=\"false\" value=\"\" type=\"text\" name=\"orar\" \/><\/span>\n<\/p>\n<p><span>Num\u0103r aproximativ de participan\u021bi<\/span><span class=\"wpcf7-form-control-wrap\" data-name=\"participanti\"><input size=\"40\" class=\"wpcf7-form-control wpcf7-text\" aria-invalid=\"false\" value=\"\" type=\"text\" name=\"participanti\" \/><\/span>\n<\/p>\n<p><span>Alte detalii<\/span><span class=\"wpcf7-form-control-wrap\" data-name=\"detalii\"><input size=\"40\" class=\"wpcf7-form-control wpcf7-text\" aria-invalid=\"false\" value=\"\" type=\"text\" name=\"detalii\" \/><\/span>\n<\/p>\n<p>Mesaj\n<\/p>\n<p><span class=\"wpcf7-form-control-wrap\" data-name=\"your-message\"><textarea cols=\"40\" rows=\"10\" class=\"wpcf7-form-control wpcf7-textarea\" aria-invalid=\"false\" name=\"your-message\"><\/textarea><\/span>\n<\/p>\n<p class=\"submitForm\"><input class=\"wpcf7-form-control has-spinner wpcf7-submit\" type=\"submit\" value=\"Trimite\" \/>\n<\/p>\n<p style=\"display: none !important;\" class=\"akismet-fields-container\" data-prefix=\"_wpcf7_ak_\"><label>&#916;<textarea name=\"_wpcf7_ak_hp_textarea\" cols=\"45\" rows=\"8\" maxlength=\"100\"><\/textarea><\/label><input type=\"hidden\" id=\"ak_js_1\" name=\"_wpcf7_ak_js\" value=\"6\"\/><script>document.getElementById( \"ak_js_1\" ).setAttribute( \"value\", ( new Date() ).getTime() );<\/script><\/p>\n<p><input type='hidden' class='wpcf7-pum' value='{\"closepopup\":false,\"closedelay\":0,\"openpopup\":false,\"openpopup_id\":0}' \/><\/p>\n<div class=\"wpcf7-response-output\" aria-hidden=\"true\"><\/div>\n<\/form>\n<\/div>\n<\/div><\/div><\/div><\/div><\/div><\/div><\/div><\/div><\/section><section id=\"bt_section69ecb5153631b\" data-parallax=\"0.1\" data-parallax-offset=\"0\" class=\"boldSection topSmallSpaced bottomSmallSpaced gutter inherit btParallax\"  data-animation-icon=\"no_icon\"><div class=\"port\"><div class=\"boldCell\"><div class=\"boldCellInner\"><div class=\"boldRow \" ><div class=\"boldRowInner\"><div class=\"rowItem col-md-12 col-ms-12  btTextLeft\"  data-width=\"12\"><div class=\"rowItemContent\" ><div class=\"btText\" ><p><iframe loading=\"lazy\" src=\"https:\/\/www.google.com\/maps\/embed?pb=!1m18!1m12!1m3!1d3837.2858845945493!2d27.622199524541877!3d47.15059040166064!2m3!1f0!2f0!3f0!3m2!1i1024!2i768!4f13.1!3m3!1m2!1s0x0%3A0x0!2zNDfCsDA4JzU5LjAiTiAyN8KwMzcnMzUuMyJF!5e0!3m2!1sro!2sro!4v1488187891752\" width=\"600\" height=\"350\" frameborder=\"0\" allowfullscreen=\"allowfullscreen\"><\/iframe><\/p>\n<\/div><\/div><\/div><\/div><\/div><\/div><\/div><\/div><\/section><\/div>","protected":false},"excerpt":{"rendered":"","protected":false},"author":1,"featured_media":0,"parent":0,"menu_order":0,"comment_status":"closed","ping_status":"closed","template":"","meta":[],"yst_prominent_words":[],"_links":{"self":[{"href":"https:\/\/ageo.ro\/biz\/wp-json\/wp\/v2\/pages\/44"}],"collection":[{"href":"https:\/\/ageo.ro\/biz\/wp-json\/wp\/v2\/pages"}],"about":[{"href":"https:\/\/ageo.ro\/biz\/wp-json\/wp\/v2\/types\/page"}],"author":[{"embeddable":true,"href":"https:\/\/ageo.ro\/biz\/wp-json\/wp\/v2\/users\/1"}],"replies":[{"embeddable":true,"href":"https:\/\/ageo.ro\/biz\/wp-json\/wp\/v2\/comments?post=44"}],"version-history":[{"count":36,"href":"https:\/\/ageo.ro\/biz\/wp-json\/wp\/v2\/pages\/44\/revisions"}],"predecessor-version":[{"id":18036,"href":"https:\/\/ageo.ro\/biz\/wp-json\/wp\/v2\/pages\/44\/revisions\/18036"}],"wp:attachment":[{"href":"https:\/\/ageo.ro\/biz\/wp-json\/wp\/v2\/media?parent=44"}],"wp:term":[{"taxonomy":"yst_prominent_words","embeddable":true,"href":"https:\/\/ageo.ro\/biz\/wp-json\/wp\/v2\/yst_prominent_words?post=44"}],"curies":[{"name":"wp","href":"https:\/\/api.w.org\/{rel}","templated":true}]}}