{"id":42,"date":"2015-09-23T12:14:23","date_gmt":"2015-09-23T12:14:23","guid":{"rendered":"http:\/\/showcase.omnicom-dev.com\/wedding\/?page_id=42"},"modified":"2025-01-22T11:33:45","modified_gmt":"2025-01-22T09:33:45","slug":"povestea-noastra","status":"publish","type":"page","link":"https:\/\/ageo.ro\/biz\/povestea-noastra\/","title":{"rendered":"Povestea noastr\u0103"},"content":{"rendered":"<div class=\"bt_rc_container\"><section id=\"bt_section69ee3276c57a4\" data-parallax=\"0.2\" data-parallax-offset=\"0\" class=\"boldSection topExtraSpaced bottomSpaced btDarkSkin gutter inherit btParallax wBackground cover\" style=\"background-image:url('https:\/\/ageo.ro\/biz\/wp-content\/uploads\/2015\/09\/DSC_0049-3.jpg');\" data-animation-icon=\"no_icon\"><div class=\"port\"><div class=\"boldCell\"><div class=\"boldCellInner\"><div class=\"boldRow \" ><div class=\"boldRowInner\"><div class=\"rowItem col-md-12 col-ms-12  btTextCenter animate animate-fadein inherit\"  data-width=\"12\"><div class=\"rowItemContent\" ><header class=\"header btClear extralarge\" ><div class=\"dash\"><h2><span class=\"headline\">Povestea noastr\u0103<\/span><\/h2><\/div><\/header><\/div><\/div><\/div><\/div><\/div><\/div><\/div><\/section><section id=\"bt_section69ee3276c5bca\"  class=\"boldSection topSpaced bottomSpaced gutter inherit\" ><div class=\"port\"><div class=\"boldCell\"><div class=\"boldCellInner\"><div class=\"boldRow \" ><div class=\"boldRowInner\"><div class=\"rowItem col-md-12 col-ms-12  btTextLeft animate animate-fadein inherit\"  data-width=\"12\"><div class=\"rowItemContent\" ><div class=\"btClear btSeparator bottomSmallSpaced noBorder\" ><hr><\/div><\/div><\/div><\/div><\/div><div class=\"boldRow \" ><div class=\"boldRowInner\"><div class=\"rowItem col-md-12 col-ms-12  btTextCenter animate animate-fadein inherit\"  data-width=\"12\"><div class=\"rowItemContent\" ><div class=\"btClear btSeparator bottomSmallSpaced noBorder\" ><hr><\/div><header class=\"header btClear extralarge btDash bottomDash\" ><div class=\"dash\"><h2><span class=\"headline\">Despre noi<\/span><\/h2><\/div><div class=\"btSubTitle\">Cre\u0103m conceptul, strategia \u015fi designul \u015fi ne ocup\u0103m de toate elementele necesare pentru un eveniment de succes. Ne asigur\u0103m c\u0103 fiecare eveniment este atent planificat, p\u00e2n\u0103 la cel mai mic detaliu.\r<br>Cre\u0103m experien\u0163e memorabile pentru fiecare participant.\r<br>\r<br>Mai mult dec\u00e2t at\u00e2t, \u00ee\u0163i oferim consultan\u0163\u0103 \u015fi solu\u0163ii adaptate specificului \u015fi nevoilor afacerii tale. Expertiza noastr\u0103 include: Event Based Marketing Strategies, Communication &amp; Public Relations, Social Media and On-line Advertising \u015fi Private &amp; Corporate Events Organizing.\r<br>\r<br>Abia a\u015ftept\u0103m s\u0103 lucr\u0103m cu tine!<\/div><\/header><div class=\"btClear btSeparator bottomSmallSpaced noBorder\" ><hr><\/div><\/div><\/div><\/div><\/div><\/div><\/div><\/div><\/section><section id=\"bt_section69ee3276c719e\"  class=\"boldSection topSpaced bottomSpaced btLightSkin gutter inherit wBackground cover\" style=\"background-image:url('https:\/\/ageo.ro\/biz\/wp-content\/uploads\/2015\/09\/light-grey-background-pattern-i32.jpg');\" data-animation-icon=\"no_icon\"><div class=\"port\"><div class=\"boldCell\"><div class=\"boldCellInner\"><div class=\"boldRow \" ><div class=\"boldRowInner\"><div class=\"rowItem col-md-3 col-sm-6 col-ms-12 btTextLeft inherit\"  data-width=\"3\"><div class=\"rowItemContent\" ><\/div><\/div><div class=\"rowItem col-md-6 col-sm-12 btTextCenter animate animate-fadein inherit\"  data-width=\"6\"><div class=\"rowItemContent\" ><header class=\"header btClear extralarge btDash bottomDash\" ><div class=\"dash\"><h2><span class=\"headline\">Echipa noastr\u0103<\/span><\/h2><\/div><div class=\"btSubTitle\">F\u0103 cuno\u015ftin\u0163\u0103 cu noi<\/div><\/header><div class=\"btClear btSeparator bottomSemiSpaced noBorder\" ><hr><\/div><\/div><\/div><div class=\"rowItem col-md-3 col-sm-6 col-ms-12 btTextLeft\"  data-width=\"3\"><div class=\"rowItemContent\" ><\/div><\/div><\/div><\/div><div class=\"boldRow \" ><div class=\"boldRowInner\"><div class=\"rowItem col-md-3 col-sm-6 col-ms-12 btTextCenter animate animate-fadein inherit\"  data-width=\"3\"><div class=\"rowItemContent\" ><div class=\"bpgPhoto btTextCenter btCircleImage\" ><div class = \"btImage\"><img src=\"https:\/\/ageo.ro\/biz\/wp-content\/uploads\/2025\/01\/Amalia-160x160.jpg\" alt=\"https:\/\/ageo.ro\/biz\/wp-content\/uploads\/2025\/01\/Amalia-160x160.jpg\" ><\/div><\/div><div class=\"btClear btSeparator bottomSmallSpaced noBorder\" ><hr><\/div><header class=\"header btClear large\" ><div class=\"dash\"><h2><span class=\"headline\">Dr. Ec. Amalia Georgescu<\/span><\/h2><\/div><div class=\"btSubTitle\">Owner, Events creator\r<br>Consultant &amp; Trainer acreditat<\/div><\/header><div class=\"btClear btSeparator bottomSmallSpaced noBorder\" ><hr><\/div><\/div><\/div><div class=\"rowItem col-md-3 col-sm-6 col-ms-12 btTextCenter animate animate-fadein inherit\"  data-width=\"3\"><div class=\"rowItemContent\" ><div class=\"bpgPhoto btTextCenter btCircleImage\" ><div class = \"btImage\"><img src=\"https:\/\/ageo.ro\/biz\/wp-content\/uploads\/2025\/01\/Gabi-1-160x160.jpg\" alt=\"https:\/\/ageo.ro\/biz\/wp-content\/uploads\/2025\/01\/Gabi-1-160x160.jpg\" ><\/div><\/div><div class=\"btClear btSeparator bottomSmallSpaced noBorder\" ><hr><\/div><header class=\"header btClear large\" ><div class=\"dash\"><h2><span class=\"headline\">Ing. Gabriel Georgescu<\/span><\/h2><\/div><div class=\"btSubTitle\">General Manager<\/div><\/header><div class=\"btClear btSeparator bottomSmallSpaced noBorder\" ><hr><\/div><\/div><\/div><div class=\"rowItem col-md-3 col-sm-6 col-ms-12 btTextCenter animate animate-fadein inherit\"  data-width=\"3\"><div class=\"rowItemContent\" ><div class=\"bpgPhoto btTextCenter btCircleImage\" ><div class = \"btImage\"><img src=\"https:\/\/ageo.ro\/biz\/wp-content\/uploads\/2025\/01\/Adrian-Iurcan-2-160x160.jpg\" alt=\"https:\/\/ageo.ro\/biz\/wp-content\/uploads\/2025\/01\/Adrian-Iurcan-2-160x160.jpg\" ><\/div><\/div><div class=\"btClear btSeparator bottomSmallSpaced noBorder\" ><hr><\/div><header class=\"header btClear large\" ><div class=\"dash\"><h2><span class=\"headline\">Ing. Adrian Iurcan<\/span><\/h2><\/div><div class=\"btSubTitle\">Senior Consultant &amp;\r<br>Trainer<\/div><\/header><div class=\"btClear btSeparator bottomSmallSpaced noBorder\" ><hr><\/div><\/div><\/div><div class=\"rowItem col-md-3 col-sm-6 col-ms-12 btTextCenter animate animate-fadein inherit\"  data-width=\"3\"><div class=\"rowItemContent\" ><div class=\"bpgPhoto btTextCenter btCircleImage\" ><div class = \"btImage\"><img src=\"https:\/\/ageo.ro\/biz\/wp-content\/uploads\/2025\/01\/Alexandra-Lupu-1-160x160.jpg\" alt=\"https:\/\/ageo.ro\/biz\/wp-content\/uploads\/2025\/01\/Alexandra-Lupu-1-160x160.jpg\" ><\/div><\/div><div class=\"btClear btSeparator bottomSmallSpaced noBorder\" ><hr><\/div><header class=\"header btClear large\" ><div class=\"dash\"><h2><span class=\"headline\">Alexandra Lupu<\/span><\/h2><\/div><div class=\"btSubTitle\">Director Departament\r<br>Organizare Evenimente<\/div><\/header><div class=\"btClear btSeparator bottomSmallSpaced noBorder\" ><hr><\/div><\/div><\/div><\/div><\/div><div class=\"boldRow \" ><div class=\"boldRowInner\"><div class=\"rowItem col-md-3 col-sm-6 col-ms-12 btTextCenter animate animate-fadein inherit\"  data-width=\"3\"><div class=\"rowItemContent\" ><div class=\"bpgPhoto btTextCenter btCircleImage\" ><div class = \"btImage\"><img src=\"https:\/\/ageo.ro\/biz\/wp-content\/uploads\/2025\/01\/Alexandra-1-160x160.jpg\" alt=\"https:\/\/ageo.ro\/biz\/wp-content\/uploads\/2025\/01\/Alexandra-1-160x160.jpg\" ><\/div><\/div><div class=\"btClear btSeparator bottomSmallSpaced noBorder\" ><hr><\/div><header class=\"header btClear large\" ><div class=\"dash\"><h2><span class=\"headline\">Alexandra Asavei<\/span><\/h2><\/div><div class=\"btSubTitle\">Responsabil Marketing &amp; PR<\/div><\/header><div class=\"btClear btSeparator bottomSmallSpaced noBorder\" ><hr><\/div><\/div><\/div><div class=\"rowItem col-md-3 col-sm-6 col-ms-12 btTextCenter animate animate-fadein inherit\"  data-width=\"3\"><div class=\"rowItemContent\" ><div class=\"bpgPhoto btTextCenter btCircleImage\" ><div class = \"btImage\"><img src=\"https:\/\/ageo.ro\/biz\/wp-content\/uploads\/2025\/01\/Crina-1-160x160.jpg\" alt=\"https:\/\/ageo.ro\/biz\/wp-content\/uploads\/2025\/01\/Crina-1-160x160.jpg\" ><\/div><\/div><div class=\"btClear btSeparator bottomSmallSpaced noBorder\" ><hr><\/div><header class=\"header btClear large\" ><div class=\"dash\"><h2><span class=\"headline\">Crina Ursu<\/span><\/h2><\/div><div class=\"btSubTitle\">Manager Comercial<\/div><\/header><div class=\"btClear btSeparator bottomSmallSpaced noBorder\" ><hr><\/div><\/div><\/div><div class=\"rowItem col-md-3 col-sm-6 col-ms-12 btTextCenter animate animate-fadein inherit\"  data-width=\"3\"><div class=\"rowItemContent\" ><div class=\"bpgPhoto btTextCenter btCircleImage\" ><div class = \"btImage\"><img src=\"https:\/\/ageo.ro\/biz\/wp-content\/uploads\/2015\/09\/Raluca-1-160x160.jpg\" alt=\"https:\/\/ageo.ro\/biz\/wp-content\/uploads\/2015\/09\/Raluca-1-160x160.jpg\" ><\/div><\/div><div class=\"btClear btSeparator bottomSmallSpaced noBorder\" ><hr><\/div><header class=\"header btClear large\" ><div class=\"dash\"><h2><span class=\"headline\">Raluca Petraru &#8211; Hulubei<\/span><\/h2><\/div><div class=\"btSubTitle\">Project Manager<\/div><\/header><div class=\"btClear btSeparator bottomSmallSpaced noBorder\" ><hr><\/div><\/div><\/div><div class=\"rowItem col-md-3 col-sm-6 col-ms-12 btTextCenter animate animate-fadein inherit\"  data-width=\"3\"><div class=\"rowItemContent\" ><div class=\"bpgPhoto btTextCenter btCircleImage\" ><div class = \"btImage\"><img src=\"https:\/\/ageo.ro\/biz\/wp-content\/uploads\/2025\/01\/David-160x160.jpg\" alt=\"https:\/\/ageo.ro\/biz\/wp-content\/uploads\/2025\/01\/David-160x160.jpg\" ><\/div><\/div><div class=\"btClear btSeparator bottomSmallSpaced noBorder\" ><hr><\/div><header class=\"header btClear large\" ><div class=\"dash\"><h2><span class=\"headline\">David Hulubei<\/span><\/h2><\/div><div class=\"btSubTitle\">Manager Logistic\u0103<\/div><\/header><div class=\"btClear btSeparator bottomSmallSpaced noBorder\" ><hr><\/div><\/div><\/div><\/div><\/div><\/div><\/div><\/div><\/section><\/div>","protected":false},"excerpt":{"rendered":"","protected":false},"author":1,"featured_media":0,"parent":0,"menu_order":0,"comment_status":"closed","ping_status":"closed","template":"","meta":[],"yst_prominent_words":[],"_links":{"self":[{"href":"https:\/\/ageo.ro\/biz\/wp-json\/wp\/v2\/pages\/42"}],"collection":[{"href":"https:\/\/ageo.ro\/biz\/wp-json\/wp\/v2\/pages"}],"about":[{"href":"https:\/\/ageo.ro\/biz\/wp-json\/wp\/v2\/types\/page"}],"author":[{"embeddable":true,"href":"https:\/\/ageo.ro\/biz\/wp-json\/wp\/v2\/users\/1"}],"replies":[{"embeddable":true,"href":"https:\/\/ageo.ro\/biz\/wp-json\/wp\/v2\/comments?post=42"}],"version-history":[{"count":74,"href":"https:\/\/ageo.ro\/biz\/wp-json\/wp\/v2\/pages\/42\/revisions"}],"predecessor-version":[{"id":19028,"href":"https:\/\/ageo.ro\/biz\/wp-json\/wp\/v2\/pages\/42\/revisions\/19028"}],"wp:attachment":[{"href":"https:\/\/ageo.ro\/biz\/wp-json\/wp\/v2\/media?parent=42"}],"wp:term":[{"taxonomy":"yst_prominent_words","embeddable":true,"href":"https:\/\/ageo.ro\/biz\/wp-json\/wp\/v2\/yst_prominent_words?post=42"}],"curies":[{"name":"wp","href":"https:\/\/api.w.org\/{rel}","templated":true}]}}