{"id":40,"date":"2015-09-23T12:14:08","date_gmt":"2015-09-23T12:14:08","guid":{"rendered":"http:\/\/showcase.omnicom-dev.com\/wedding\/?page_id=40"},"modified":"2025-04-10T11:16:42","modified_gmt":"2025-04-10T08:16:42","slug":"servicii-ageo-biz","status":"publish","type":"page","link":"https:\/\/ageo.ro\/biz\/servicii-ageo-biz\/","title":{"rendered":"Servicii"},"content":{"rendered":"<div class=\"bt_rc_container\"><section id=\"bt_section69ee32714aee4\" data-parallax=\"0.2\" data-parallax-offset=\"0\" class=\"boldSection topExtraSpaced bottomSpaced btDarkSkin gutter inherit btParallax wBackground cover\" style=\"background-image:url('https:\/\/ageo.ro\/biz\/wp-content\/uploads\/2015\/09\/businessMeeting.jpg');\" data-animation-icon=\"no_icon\"><div class=\"port\"><div class=\"boldCell\"><div class=\"boldCellInner\"><div class=\"boldRow \" ><div class=\"boldRowInner\"><div class=\"rowItem col-md-12 col-ms-12  btTextCenter animate animate-fadein btMiddleVertical\"  data-width=\"12\"><div class=\"rowItemContent\" ><header class=\"header btClear extralarge\" ><div class=\"dash\"><h2><span class=\"headline\">Serviciile noastre<\/span><\/h2><\/div><\/header><\/div><\/div><\/div><\/div><\/div><\/div><\/div><\/section><section id=\"bt_section69ee32714b56f\"  class=\"boldSection topSpaced gutter inherit\"  data-animation-icon=\"no_icon\"><div class=\"port\"><div class=\"boldCell\"><div class=\"boldCellInner\"><div class=\"boldRow \" ><div class=\"boldRowInner\"><div class=\"rowItem col-md-6 col-sm-12 btTextLeft animate animate-fadein inherit btNoPadding\"  data-width=\"6\"><div class=\"rowItemContent\" ><div class=\"bpgPhoto btTextCenter\" ><div class = \"btImage\"><img src=\"https:\/\/ageo.ro\/biz\/wp-content\/uploads\/2025\/04\/Campanii-de-marketing-PR-foto-540x540.png\" alt=\"https:\/\/ageo.ro\/biz\/wp-content\/uploads\/2025\/04\/Campanii-de-marketing-PR-foto-540x540.png\" ><\/div><\/div><\/div><\/div><div class=\"rowItem col-md-6 col-sm-12 btTextLeft animate animate-fadein btMiddleVertical btDoublePadding\" style=\"background-color: rgba(242, 242, 242, 1);\" data-width=\"6\"><div class=\"rowItemContent\" ><div class=\"btClear btSeparator topSemiSpaced noBorder visible-ms visible-xs\" ><hr><\/div><header class=\"header btClear extralarge btDash bottomDash\" ><div class=\"dash\"><h2><span class=\"headline\">Campanii de Marketing &amp; PR<\/span><\/h2><\/div><\/header><div class=\"btText\" ><p style=\"text-align: justify;\">\u00centr-o lume plin\u0103 de zgomot, a ie\u0219i \u00een eviden\u021b\u0103 nu este doar o op\u021biune, ci o necesitate.<\/p>\n<p style=\"text-align: justify;\">La AGEO Events, suntem specializa\u021bi \u00een crearea \u0219i implementarea strategiilor personalizate de marketing \u0219i rela\u021bii publice, menite s\u0103 sporeasc\u0103 vizibilitatea, s\u0103 construiasc\u0103 credibilitate \u0219i s\u0103 stimuleze cre\u0219terea afacerii.<\/p>\n<\/div><div class=\"btClear btSeparator bottomSemiSpaced noBorder visible-ms visible-xs\" ><hr><\/div><a href=\"https:\/\/ageo.ro\/biz\/servicii-ageo-biz\/campanii-marketing-pr\/\" class=\"btBtn btBtn btnOutlineStyle btnNormalColor btnSmall btnNormalWidth btnInlinePosition btnNoIcon\" ><span class=\"btnInnerText\">Afl\u0103 mai multe<\/span><\/a><\/div><\/div><\/div><\/div><div class=\"boldRow \" ><div class=\"boldRowInner\"><div class=\"rowItem col-md-6 col-sm-12 btTextLeft animate animate-fadein btMiddleVertical btDoublePadding\" style=\"background-color: rgba(242, 242, 242, 1);\" data-width=\"6\"><div class=\"rowItemContent\" ><div class=\"btClear btSeparator topSemiSpaced noBorder visible-ms visible-xs\" ><hr><\/div><header class=\"header btClear extralarge btDash bottomDash\" ><div class=\"dash\"><h2><span class=\"headline\">Evenimente Corporate<\/span><\/h2><\/div><\/header><div class=\"btText\" ><p>Fie c\u0103 dore\u0219ti s\u0103 organizezi o conferin\u021b\u0103, un workshop, un congres, un t\u00e2rg, o lansare de produs, un teambuilding, o gal\u0103 aniversar\u0103 sau o petrecere corporate, echipa noastr\u0103 \u00ee\u021bi transform\u0103 viziunea \u00een realitate, cu profesionalism \u0219i creativitate.<\/p>\n<\/div><div class=\"btClear btSeparator bottomSemiSpaced noBorder visible-ms visible-xs\" ><hr><\/div><a href=\"https:\/\/ageo.ro\/biz\/servicii\/organizare-evenimente-corporate\/\" class=\"btBtn btBtn btnOutlineStyle btnNormalColor btnSmall btnNormalWidth btnInlinePosition btnNoIcon\" ><span class=\"btnInnerText\">Afl\u0103 mai multe<\/span><\/a><\/div><\/div><div class=\"rowItem col-md-6 col-sm-12 btTextLeft animate animate-fadein inherit btNoPadding\"  data-width=\"6\"><div class=\"rowItemContent\" ><div class=\"bpgPhoto btTextCenter\" ><div class = \"btImage\"><img src=\"https:\/\/ageo.ro\/biz\/wp-content\/uploads\/2025\/04\/AGEO-Facebook-Posts1-540x540.png\" alt=\"https:\/\/ageo.ro\/biz\/wp-content\/uploads\/2025\/04\/AGEO-Facebook-Posts1-540x540.png\" ><\/div><\/div><\/div><\/div><\/div><\/div><div class=\"boldRow \" ><div class=\"boldRowInner\"><div class=\"rowItem col-md-6 col-sm-12 btTextLeft animate animate-fadein inherit btNoPadding\"  data-width=\"6\"><div class=\"rowItemContent\" ><div class=\"bpgPhoto btTextCenter\" ><div class = \"btImage\"><img src=\"https:\/\/ageo.ro\/biz\/wp-content\/uploads\/2025\/04\/Cover-inchiriere-sali-evenimente-Iasi-540x540.png\" alt=\"https:\/\/ageo.ro\/biz\/wp-content\/uploads\/2025\/04\/Cover-inchiriere-sali-evenimente-Iasi-540x540.png\" ><\/div><\/div><\/div><\/div><div class=\"rowItem col-md-6 col-sm-12 btTextLeft animate animate-fadein btMiddleVertical btDoublePadding\" style=\"background-color: rgba(242, 242, 242, 1);\" data-width=\"6\"><div class=\"rowItemContent\" ><div class=\"btClear btSeparator topSemiSpaced noBorder visible-ms visible-xs\" ><hr><\/div><header class=\"header btClear extralarge btDash bottomDash\" ><div class=\"dash\"><h2><span class=\"headline\">\u00cenchiriere s\u0103li evenimente<\/span><\/h2><\/div><\/header><div class=\"btText\" ><h2><\/h2>\n<p>Indiferent dac\u0103 vrei s\u0103 organizezi un eveniment corporate (conferin\u021b\u0103, workshop, sesiune de networking, \u00eent\u00e2lnire de business) sau un eveniment privat, AGEO Biz \u00ee\u021bi pune la dispozi\u021bie patru s\u0103li de evenimente.<\/p>\n<p>Cu dot\u0103ri \u0219i servicii moderne, s\u0103lile AGEO sunt \u00een perfect\u0103 armonie cu evenimentul pe care \u021bi-l dore\u0219ti.<\/p>\n<\/div><div class=\"btClear btSeparator bottomSemiSpaced noBorder visible-ms visible-xs\" ><hr><\/div><a href=\"https:\/\/ageo.ro\/biz\/inchiriere-sali-evenimente-iasi-ageo\/\" class=\"btBtn btBtn btnOutlineStyle btnNormalColor btnSmall btnNormalWidth btnInlinePosition btnNoIcon\" ><span class=\"btnInnerText\">Afl\u0103 mai multe<\/span><\/a><\/div><\/div><\/div><\/div><div class=\"boldRow \" ><div class=\"boldRowInner\"><div class=\"rowItem col-md-6 col-sm-12 btTextLeft animate animate-fadein btMiddleVertical btDoublePadding\" style=\"background-color: rgba(242, 242, 242, 1);\" data-width=\"6\"><div class=\"rowItemContent\" ><div class=\"btClear btSeparator topSemiSpaced noBorder visible-ms visible-xs\" ><hr><\/div><header class=\"header btClear extralarge btDash bottomDash\" ><div class=\"dash\"><h2><span class=\"headline\">Traininguri &amp; cursuri acreditate<\/span><\/h2><\/div><\/header><div class=\"btText\" ><p style=\"text-align: justify;\">Vrei s\u0103 \u00ee\u021bi \u00eembun\u0103t\u0103\u021be\u0219ti abilit\u0103\u021bile, s\u0103 ob\u021bii certific\u0103ri recunoscute \u0219i s\u0103 \u00ee\u021bi duci cariera la urm\u0103torul nivel? AGEO Events organizeaz\u0103 cursuri acreditate, concepute pentru a-\u021bi oferi cuno\u0219tin\u021bele \u0219i certific\u0103rile de care ai nevoie pentru a-\u021bi atinge obiectivele.<\/p>\n<\/div><div class=\"btClear btSeparator bottomSemiSpaced noBorder visible-ms visible-xs\" ><hr><\/div><a href=\"https:\/\/ageo.ro\/biz\/servicii\/traininguri-cursuri-acreditate\/\" class=\"btBtn btBtn btnOutlineStyle btnNormalColor btnSmall btnNormalWidth btnInlinePosition btnNoIcon\" ><span class=\"btnInnerText\">Afl\u0103 mai multe<\/span><\/a><\/div><\/div><div class=\"rowItem col-md-6 col-sm-12 btTextLeft animate animate-fadein inherit btNoPadding\"  data-width=\"6\"><div class=\"rowItemContent\" ><div class=\"bpgPhoto btTextCenter\" ><div class = \"btImage\"><img src=\"https:\/\/ageo.ro\/biz\/wp-content\/uploads\/2025\/04\/Traininguri-540x540.png\" alt=\"https:\/\/ageo.ro\/biz\/wp-content\/uploads\/2025\/04\/Traininguri-540x540.png\" ><\/div><\/div><\/div><\/div><\/div><\/div><div class=\"boldRow \" ><div class=\"boldRowInner\"><div class=\"rowItem col-md-6 col-sm-12 btTextLeft animate animate-fadein inherit btNoPadding\"  data-width=\"6\"><div class=\"rowItemContent\" ><div class=\"bpgPhoto btTextCenter\" ><div class = \"btImage\"><img src=\"https:\/\/ageo.ro\/biz\/wp-content\/uploads\/2025\/04\/Consultanta-in-management-1-540x540.png\" alt=\"https:\/\/ageo.ro\/biz\/wp-content\/uploads\/2025\/04\/Consultanta-in-management-1-540x540.png\" ><\/div><\/div><\/div><\/div><div class=\"rowItem col-md-6 col-sm-12 btTextLeft animate animate-fadein btMiddleVertical btDoublePadding\" style=\"background-color: rgba(242, 242, 242, 1);\" data-width=\"6\"><div class=\"rowItemContent\" ><div class=\"btClear btSeparator topSemiSpaced noBorder visible-ms visible-xs\" ><hr><\/div><header class=\"header btClear extralarge btDash bottomDash\" ><div class=\"dash\"><h2><span class=\"headline\">Consultan\u021b\u0103 \u00een managementul afacerilor<\/span><\/h2><\/div><\/header><div class=\"btText\" ><p style=\"text-align: justify;\">Cu o expertiz\u0103 de peste 20 de ani, consultan\u021bii AGEO Events \u00een\u021beleg \u0219i analizeaz\u0103 particularit\u0103\u021bile diferitelor industrii \u0219i sunt preg\u0103ti\u021bi s\u0103 abordeze provoc\u0103rile unice cu care se confrunt\u0103 fiecare afacere.<\/p>\n<\/div><div class=\"btClear btSeparator bottomSemiSpaced noBorder visible-ms visible-xs\" ><hr><\/div><a href=\"https:\/\/ageo.ro\/biz\/servicii-ageo-biz\/consultanta-in-managementul-afacerilor\/\" class=\"btBtn btBtn btnOutlineStyle btnNormalColor btnSmall btnNormalWidth btnInlinePosition btnNoIcon\" ><span class=\"btnInnerText\">Afl\u0103 mai multe<\/span><\/a><\/div><\/div><\/div><\/div><div class=\"boldRow \" ><div class=\"boldRowInner\"><div class=\"rowItem col-md-6 col-sm-12 btTextLeft animate animate-fadein btMiddleVertical btDoublePadding\" style=\"background-color: rgba(242, 242, 242, 1);\" data-width=\"6\"><div class=\"rowItemContent\" ><div class=\"btClear btSeparator topSemiSpaced noBorder visible-ms visible-xs\" ><hr><\/div><header class=\"header btClear extralarge btDash bottomDash\" ><div class=\"dash\"><h2><span class=\"headline\">Coaching \u00een antreprenoriat \u0219i managementul carierei <\/span><\/h2><\/div><\/header><div class=\"btText\" ><p style=\"text-align: justify;\">Atingerea succesului \u00een antreprenoriat \u0219i construirea unei cariere \u00eemplinite necesit\u0103 coachingul personalizat, o resurs\u0103 valoroas\u0103 pentru antreprenorii ambi\u021bio\u0219i \u0219i profesioni\u0219tii dedica\u021bi.<\/p>\n<\/div><div class=\"btClear btSeparator bottomSemiSpaced noBorder visible-ms visible-xs\" ><hr><\/div><a href=\"https:\/\/ageo.ro\/biz\/servicii\/coaching-mentorare-antreprenoriat-managementul-carierei\/\" class=\"btBtn btBtn btnOutlineStyle btnNormalColor btnSmall btnNormalWidth btnInlinePosition btnNoIcon\" ><span class=\"btnInnerText\">Afl\u0103 mai multe<\/span><\/a><\/div><\/div><div class=\"rowItem col-md-6 col-sm-12 btTextLeft animate animate-fadein inherit btNoPadding\"  data-width=\"6\"><div class=\"rowItemContent\" ><div class=\"bpgPhoto btTextCenter\" ><div class = \"btImage\"><img src=\"https:\/\/ageo.ro\/biz\/wp-content\/uploads\/2025\/04\/Colaj-Coaching-540x540.png\" alt=\"https:\/\/ageo.ro\/biz\/wp-content\/uploads\/2025\/04\/Colaj-Coaching-540x540.png\" ><\/div><\/div><\/div><\/div><\/div><\/div><\/div><\/div><\/div><\/section><\/div>","protected":false},"excerpt":{"rendered":"","protected":false},"author":1,"featured_media":0,"parent":0,"menu_order":0,"comment_status":"closed","ping_status":"closed","template":"","meta":[],"yst_prominent_words":[],"_links":{"self":[{"href":"https:\/\/ageo.ro\/biz\/wp-json\/wp\/v2\/pages\/40"}],"collection":[{"href":"https:\/\/ageo.ro\/biz\/wp-json\/wp\/v2\/pages"}],"about":[{"href":"https:\/\/ageo.ro\/biz\/wp-json\/wp\/v2\/types\/page"}],"author":[{"embeddable":true,"href":"https:\/\/ageo.ro\/biz\/wp-json\/wp\/v2\/users\/1"}],"replies":[{"embeddable":true,"href":"https:\/\/ageo.ro\/biz\/wp-json\/wp\/v2\/comments?post=40"}],"version-history":[{"count":59,"href":"https:\/\/ageo.ro\/biz\/wp-json\/wp\/v2\/pages\/40\/revisions"}],"predecessor-version":[{"id":19298,"href":"https:\/\/ageo.ro\/biz\/wp-json\/wp\/v2\/pages\/40\/revisions\/19298"}],"wp:attachment":[{"href":"https:\/\/ageo.ro\/biz\/wp-json\/wp\/v2\/media?parent=40"}],"wp:term":[{"taxonomy":"yst_prominent_words","embeddable":true,"href":"https:\/\/ageo.ro\/biz\/wp-json\/wp\/v2\/yst_prominent_words?post=40"}],"curies":[{"name":"wp","href":"https:\/\/api.w.org\/{rel}","templated":true}]}}