{"id":3047,"date":"2017-02-21T15:57:14","date_gmt":"2017-02-21T13:57:14","guid":{"rendered":"http:\/\/ageo.ro\/biz\/?page_id=3047"},"modified":"2025-04-10T09:21:47","modified_gmt":"2025-04-10T06:21:47","slug":"consultanta-in-managementul-afacerilor","status":"publish","type":"page","link":"https:\/\/ageo.ro\/biz\/servicii-ageo-biz\/consultanta-in-managementul-afacerilor\/","title":{"rendered":"Consultan\u021b\u0103 \u00een managementul afacerilor"},"content":{"rendered":"<div class=\"bt_rc_container\"><section id=\"bt_section69ee32a091d36\" data-parallax=\"0.2\" data-parallax-offset=\"0\" class=\"boldSection topExtraSpaced bottomSpaced btDarkSkin gutter inherit btParallax wBackground cover\" style=\"background-image:url('https:\/\/ageo.ro\/biz\/wp-content\/uploads\/2025\/04\/Cover-Consultanta-afaceri.png');\" data-animation-icon=\"no_icon\"><div class=\"port\"><div class=\"boldCell\"><div class=\"boldCellInner\"><div class=\"boldRow \" ><div class=\"boldRowInner\"><div class=\"rowItem col-md-12 col-ms-12  btTextCenter animate animate-fadein inherit\"  data-width=\"12\"><div class=\"rowItemContent\" ><header class=\"header btClear extralarge\" ><div class=\"dash\"><h2><span class=\"headline\">Consultan\u021b\u0103 \u00een managementul afacerilor<\/span><\/h2><\/div><\/header><\/div><\/div><\/div><\/div><\/div><\/div><\/div><\/section><section id=\"bt_section69ee32a0924cd\"  class=\"boldSection topSpaced bottomSpaced gutter inherit\" ><div class=\"port\"><div class=\"boldCell\"><div class=\"boldCellInner\"><div class=\"boldRow \" ><div class=\"boldRowInner\"><div class=\"rowItem col-md-6 col-sm-12 btTextLeft\"  data-width=\"6\"><div class=\"rowItemContent\" ><div class=\"btClear btSeparator topSemiSpaced bottomSmallSpaced noBorder\" ><hr><\/div><div class=\"bpgPhoto btTextCenter\" ><div class = \"btImage\"><img src=\"https:\/\/ageo.ro\/biz\/wp-content\/uploads\/2025\/04\/Consultanta-in-management-1.png\" alt=\"https:\/\/ageo.ro\/biz\/wp-content\/uploads\/2025\/04\/Consultanta-in-management-1.png\" ><\/div><\/div><\/div><\/div><div class=\"rowItem col-md-6 col-sm-12 btTextLeft\"  data-width=\"6\"><div class=\"rowItemContent\" ><div class=\"btText\" ><p style=\"text-align: justify;\">\u00cen peisajul de afaceri dinamic de ast\u0103zi, men\u021binerea competitivit\u0103\u021bii \u0219i ob\u021binerea unei cre\u0219teri durabile necesit\u0103 mai mult dec\u00e2t doar produse sau servicii de calitate. Necesit\u0103 o strategie solid\u0103, opera\u021biuni eficiente \u0219i o adaptabilitate constant\u0103. Aici te ajut\u0103m noi.<\/p>\n<p style=\"text-align: justify;\">Cu o expertiz\u0103 de peste 20 de ani, consultan\u021bii AGEO Events \u00een\u021beleg \u0219i analizeaz\u0103 particularit\u0103\u021bile diferitelor industrii \u0219i sunt preg\u0103ti\u021bi s\u0103 abordeze provoc\u0103rile unice cu care se confrunt\u0103 fiecare afacere.<\/p>\n<p><strong><span style=\"color: #373a85;\">Ce servicii \u00ee\u021bi oferim:<\/span><\/strong><\/p>\n<p>\ud83d\udd37 Identificare viziune, obiective \u0219i direc\u021bii de ac\u021biune<br \/>\n\ud83d\udd37 \u00centocmire planuri de afaceri &amp; planificare stategic\u0103<br \/>\n\ud83d\udd37 \u00centocmire rapoarte de sustenabilitate<br \/>\n\ud83d\udd37 Management de proiect<br \/>\n\ud83d\udd37 Optimizare opera\u021bional\u0103<br \/>\n\ud83d\udd37 Transformare digital\u0103<\/p>\n<\/div><div class=\"btClear btSeparator topSmallSpaced bottomExtraSmallSpaced noBorder\" ><hr><\/div><a href=\"https:\/\/ageo.ro\/biz\/contact\/\" class=\"btBtn btBtn btnFilledStyle btnAccentColor btnSmall btnNormalWidth btnInlinePosition btnNoIcon\" ><span class=\"btnInnerText\">Contacteaz\u0103-ne acum!<\/span><\/a><\/div><\/div><\/div><\/div><\/div><\/div><\/div><\/section><\/div>","protected":false},"excerpt":{"rendered":"","protected":false},"author":1,"featured_media":0,"parent":40,"menu_order":0,"comment_status":"closed","ping_status":"closed","template":"","meta":[],"yst_prominent_words":[],"_links":{"self":[{"href":"https:\/\/ageo.ro\/biz\/wp-json\/wp\/v2\/pages\/3047"}],"collection":[{"href":"https:\/\/ageo.ro\/biz\/wp-json\/wp\/v2\/pages"}],"about":[{"href":"https:\/\/ageo.ro\/biz\/wp-json\/wp\/v2\/types\/page"}],"author":[{"embeddable":true,"href":"https:\/\/ageo.ro\/biz\/wp-json\/wp\/v2\/users\/1"}],"replies":[{"embeddable":true,"href":"https:\/\/ageo.ro\/biz\/wp-json\/wp\/v2\/comments?post=3047"}],"version-history":[{"count":15,"href":"https:\/\/ageo.ro\/biz\/wp-json\/wp\/v2\/pages\/3047\/revisions"}],"predecessor-version":[{"id":19289,"href":"https:\/\/ageo.ro\/biz\/wp-json\/wp\/v2\/pages\/3047\/revisions\/19289"}],"up":[{"embeddable":true,"href":"https:\/\/ageo.ro\/biz\/wp-json\/wp\/v2\/pages\/40"}],"wp:attachment":[{"href":"https:\/\/ageo.ro\/biz\/wp-json\/wp\/v2\/media?parent=3047"}],"wp:term":[{"taxonomy":"yst_prominent_words","embeddable":true,"href":"https:\/\/ageo.ro\/biz\/wp-json\/wp\/v2\/yst_prominent_words?post=3047"}],"curies":[{"name":"wp","href":"https:\/\/api.w.org\/{rel}","templated":true}]}}