{"id":19147,"date":"2025-03-19T13:31:25","date_gmt":"2025-03-19T11:31:25","guid":{"rendered":"https:\/\/ageo.ro\/biz\/?page_id=19147"},"modified":"2026-02-23T16:31:54","modified_gmt":"2026-02-23T14:31:54","slug":"inchiriere-sala-green-room-ageo-events-iasi","status":"publish","type":"page","link":"https:\/\/ageo.ro\/biz\/inchiriere-sala-green-room-ageo-events-iasi\/","title":{"rendered":"Sala Green Room AGEO Events"},"content":{"rendered":"<div class=\"bt_rc_container\"><section id=\"bt_section69d0e6e3cf531\"  class=\"boldSection gutter\" ><div class=\"port\"><div class=\"boldCell\"><div class=\"boldCellInner\"><div class=\"boldRow \" ><div class=\"boldRowInner\"><div class=\"rowItem col-md-12 col-ms-12  btTextLeft\"  data-width=\"12\"><div class=\"rowItemContent\" ><div class=\"bpgPhoto btTextCenter\" ><div class = \"btImage\"><img src=\"https:\/\/ageo.ro\/biz\/wp-content\/uploads\/2026\/02\/Colaje-Sali-AGEO.png\" alt=\"https:\/\/ageo.ro\/biz\/wp-content\/uploads\/2026\/02\/Colaje-Sali-AGEO.png\" ><\/div><\/div><div class=\"btClear btSeparator topSmallSpaced bottomSmallSpaced noBorder\" ><hr><\/div><div class=\"btText\" ><p style=\"text-align: justify;\"><span class=\"x193iq5w xeuugli x13faqbe x1vvkbs x1xmvt09 x1lliihq x1s928wv xhkezso x1gmr53x x1cpjm7i x1fgarty x1943h6x xudqn12 x3x7a5m x6prxxf xvq8zen xo1l8bm xzsf02u x1yc453h\" dir=\"auto\">Locul unde fiecare eveniment este tratat cu distinc\u021bie \u0219i profesionalism, Sala <strong>Green Room<\/strong> de la AGEO redefine\u0219te standardele pentru evenimente memorabile, oferind un spa\u021biu elegant \u0219i servicii personalizate, adaptate celor mai exigente cerin\u021be. <\/span><\/p>\n<p style=\"text-align: justify;\"><span class=\"x193iq5w xeuugli x13faqbe x1vvkbs x1xmvt09 x1lliihq x1s928wv xhkezso x1gmr53x x1cpjm7i x1fgarty x1943h6x xudqn12 x3x7a5m x6prxxf xvq8zen xo1l8bm xzsf02u x1yc453h\" dir=\"auto\">Sala este ideal\u0103 pentru \u00eent\u00e2lniri de p\u00e2n\u0103 la 40 de persoane.<\/span><\/p>\n<\/div><\/div><\/div><\/div><\/div><\/div><\/div><\/div><\/section><section id=\"bt_section69d0e6e3d03e7\"  class=\"boldSection gutter\" ><div class=\"port\"><div class=\"boldCell\"><div class=\"boldCellInner\"><div class=\"boldRow \" ><div class=\"boldRowInner\"><div class=\"rowItem col-md-12 col-ms-12  btTextLeft\"  data-width=\"12\"><div class=\"rowItemContent\" ><div class=\"btText\" ><p style=\"text-align: justify;\"><strong><span style=\"color: #373a85;\">Dot\u0103ri \u0219i beneficii:<\/span><\/strong><\/p>\n<ul>\n<li style=\"text-align: left;\">Acces gratuit la Wi-Fi;<\/li>\n<li style=\"text-align: left;\">Video proiector, flipchart, sonorizare;<\/li>\n<li style=\"text-align: left;\">Laptop + pointer (la cerere);<\/li>\n<li style=\"text-align: left;\">Scaune cu m\u0103su\u021be individuale;<\/li>\n<li style=\"text-align: left;\">Cosy business space (spa\u021biu pentru discu\u021bii private, dotat cu canapea, mas\u0103 \u0219i patru scaune);<\/li>\n<li style=\"text-align: left;\">Spa\u021biu special amenajat pentru protocol;<\/li>\n<li style=\"text-align: left;\">Espressor cafea;<\/li>\n<li style=\"text-align: left;\">Servicii de dezinfec\u021bie \u00eenainte de eveniment;<\/li>\n<li style=\"text-align: left;\">Styling de sal\u0103 (la cerere);<\/li>\n<li>Toalet\u0103 separat\u0103;<\/li>\n<li style=\"text-align: left;\">Acces la parcare privat\u0103.<\/li>\n<\/ul>\n<\/div><header class=\"header btClear small\" ><div class=\"dash\"><h4><span class=\"headline\">Galerie foto:<\/span><\/h4><\/div><\/header><div class=\"tilesWall btGridGallery tiled  btGridGap-10 lightbox\" data-col=\"3\"><div class=\"gridSizer\"><\/div><div class=\"gridItem btGhostSliderThumb bt11\" data-order-num=\"-1\"><div class=\"btTileBox\"><div class=\"bpgPhoto \" > \r\n\t\t\t\t\t<a href=\"https:\/\/ageo.ro\/biz\/wp-content\/uploads\/2026\/02\/IMG_7417-scaled.jpeg\" class=\"lightbox\" data-title=\"\" data-rel=\"lightbox-gallery-tokhuyFg\" data-rl_title=\"\" data-rl_caption=\"\" title=\"\"><\/a>\r\n\t\t\t\t\t<div class=\"boldPhotoBox\"><div class=\"bpbItem\"><div class = \"btImage\"><img src=\"https:\/\/ageo.ro\/biz\/wp-content\/uploads\/2026\/02\/IMG_7417-540x540.jpeg\" alt=\"https:\/\/ageo.ro\/biz\/wp-content\/uploads\/2026\/02\/IMG_7417-540x540.jpeg\" ><\/div><\/div><\/div>\r\n\t\t\t\t\t<div class=\"captionPane\">\r\n\t\t\t\t\t\t<div class=\"captionTable\">\r\n\t\t\t\t\t\t\t<div class=\"captionCell\">\r\n\t\t\t\t\t\t\t\t<div class=\"captionTxt\"><\/div>\r\n\t\t\t\t\t\t\t<\/div>\r\n\t\t\t\t\t\t<\/div>\r\n\t\t\t\t\t<\/div><\/div><\/div><\/div><div class=\"gridItem btGhostSliderThumb bt11\" data-order-num=\"0\"><div class=\"btTileBox\"><div class=\"bpgPhoto \" > \r\n\t\t\t\t\t<a href=\"https:\/\/ageo.ro\/biz\/wp-content\/uploads\/2026\/02\/IMG_7419-scaled.jpeg\" class=\"lightbox\" data-title=\"\" data-rel=\"lightbox-gallery-tokhuyFg\" data-rl_title=\"\" data-rl_caption=\"\" title=\"\"><\/a>\r\n\t\t\t\t\t<div class=\"boldPhotoBox\"><div class=\"bpbItem\"><div class = \"btImage\"><img src=\"https:\/\/ageo.ro\/biz\/wp-content\/uploads\/2026\/02\/IMG_7419-540x540.jpeg\" alt=\"https:\/\/ageo.ro\/biz\/wp-content\/uploads\/2026\/02\/IMG_7419-540x540.jpeg\" ><\/div><\/div><\/div>\r\n\t\t\t\t\t<div class=\"captionPane\">\r\n\t\t\t\t\t\t<div class=\"captionTable\">\r\n\t\t\t\t\t\t\t<div class=\"captionCell\">\r\n\t\t\t\t\t\t\t\t<div class=\"captionTxt\"><\/div>\r\n\t\t\t\t\t\t\t<\/div>\r\n\t\t\t\t\t\t<\/div>\r\n\t\t\t\t\t<\/div><\/div><\/div><\/div><div class=\"gridItem btGhostSliderThumb bt11\" data-order-num=\"1\"><div class=\"btTileBox\"><div class=\"bpgPhoto \" > \r\n\t\t\t\t\t<a href=\"https:\/\/ageo.ro\/biz\/wp-content\/uploads\/2026\/02\/IMG_7422-scaled.jpeg\" class=\"lightbox\" data-title=\"\" data-rel=\"lightbox-gallery-tokhuyFg\" data-rl_title=\"\" data-rl_caption=\"\" title=\"\"><\/a>\r\n\t\t\t\t\t<div class=\"boldPhotoBox\"><div class=\"bpbItem\"><div class = \"btImage\"><img src=\"https:\/\/ageo.ro\/biz\/wp-content\/uploads\/2026\/02\/IMG_7422-540x540.jpeg\" alt=\"https:\/\/ageo.ro\/biz\/wp-content\/uploads\/2026\/02\/IMG_7422-540x540.jpeg\" ><\/div><\/div><\/div>\r\n\t\t\t\t\t<div class=\"captionPane\">\r\n\t\t\t\t\t\t<div class=\"captionTable\">\r\n\t\t\t\t\t\t\t<div class=\"captionCell\">\r\n\t\t\t\t\t\t\t\t<div class=\"captionTxt\"><\/div>\r\n\t\t\t\t\t\t\t<\/div>\r\n\t\t\t\t\t\t<\/div>\r\n\t\t\t\t\t<\/div><\/div><\/div><\/div><div class=\"gridItem btGhostSliderThumb bt11\" data-order-num=\"2\"><div class=\"btTileBox\"><div class=\"bpgPhoto \" > \r\n\t\t\t\t\t<a href=\"https:\/\/ageo.ro\/biz\/wp-content\/uploads\/2026\/02\/IMG_7428-scaled.jpeg\" class=\"lightbox\" data-title=\"\" data-rel=\"lightbox-gallery-tokhuyFg\" data-rl_title=\"\" data-rl_caption=\"\" title=\"\"><\/a>\r\n\t\t\t\t\t<div class=\"boldPhotoBox\"><div class=\"bpbItem\"><div class = \"btImage\"><img src=\"https:\/\/ageo.ro\/biz\/wp-content\/uploads\/2026\/02\/IMG_7428-540x540.jpeg\" alt=\"https:\/\/ageo.ro\/biz\/wp-content\/uploads\/2026\/02\/IMG_7428-540x540.jpeg\" ><\/div><\/div><\/div>\r\n\t\t\t\t\t<div class=\"captionPane\">\r\n\t\t\t\t\t\t<div class=\"captionTable\">\r\n\t\t\t\t\t\t\t<div class=\"captionCell\">\r\n\t\t\t\t\t\t\t\t<div class=\"captionTxt\"><\/div>\r\n\t\t\t\t\t\t\t<\/div>\r\n\t\t\t\t\t\t<\/div>\r\n\t\t\t\t\t<\/div><\/div><\/div><\/div><div class=\"gridItem btGhostSliderThumb bt11\" data-order-num=\"3\"><div class=\"btTileBox\"><div class=\"bpgPhoto \" > \r\n\t\t\t\t\t<a href=\"https:\/\/ageo.ro\/biz\/wp-content\/uploads\/2026\/02\/IMG_7427-scaled.jpeg\" class=\"lightbox\" data-title=\"\" data-rel=\"lightbox-gallery-tokhuyFg\" data-rl_title=\"\" data-rl_caption=\"\" title=\"\"><\/a>\r\n\t\t\t\t\t<div class=\"boldPhotoBox\"><div class=\"bpbItem\"><div class = \"btImage\"><img src=\"https:\/\/ageo.ro\/biz\/wp-content\/uploads\/2026\/02\/IMG_7427-540x540.jpeg\" alt=\"https:\/\/ageo.ro\/biz\/wp-content\/uploads\/2026\/02\/IMG_7427-540x540.jpeg\" ><\/div><\/div><\/div>\r\n\t\t\t\t\t<div class=\"captionPane\">\r\n\t\t\t\t\t\t<div class=\"captionTable\">\r\n\t\t\t\t\t\t\t<div class=\"captionCell\">\r\n\t\t\t\t\t\t\t\t<div class=\"captionTxt\"><\/div>\r\n\t\t\t\t\t\t\t<\/div>\r\n\t\t\t\t\t\t<\/div>\r\n\t\t\t\t\t<\/div><\/div><\/div><\/div><div class=\"gridItem btGhostSliderThumb bt11\" data-order-num=\"4\"><div class=\"btTileBox\"><div class=\"bpgPhoto \" > \r\n\t\t\t\t\t<a href=\"https:\/\/ageo.ro\/biz\/wp-content\/uploads\/2026\/02\/IMG_7431-scaled.jpeg\" class=\"lightbox\" data-title=\"\" data-rel=\"lightbox-gallery-tokhuyFg\" data-rl_title=\"\" data-rl_caption=\"\" title=\"\"><\/a>\r\n\t\t\t\t\t<div class=\"boldPhotoBox\"><div class=\"bpbItem\"><div class = \"btImage\"><img src=\"https:\/\/ageo.ro\/biz\/wp-content\/uploads\/2026\/02\/IMG_7431-540x540.jpeg\" alt=\"https:\/\/ageo.ro\/biz\/wp-content\/uploads\/2026\/02\/IMG_7431-540x540.jpeg\" ><\/div><\/div><\/div>\r\n\t\t\t\t\t<div class=\"captionPane\">\r\n\t\t\t\t\t\t<div class=\"captionTable\">\r\n\t\t\t\t\t\t\t<div class=\"captionCell\">\r\n\t\t\t\t\t\t\t\t<div class=\"captionTxt\"><\/div>\r\n\t\t\t\t\t\t\t<\/div>\r\n\t\t\t\t\t\t<\/div>\r\n\t\t\t\t\t<\/div><\/div><\/div><\/div><\/div><div class=\"btClear btSeparator topSmallSpaced bottomSmallSpaced noBorder\" ><hr><\/div><div class=\"bpgPhoto btTextCenter\" ><div class = \"btImage\"><img src=\"https:\/\/ageo.ro\/biz\/wp-content\/uploads\/2026\/02\/IMG_7432-scaled.jpeg\" alt=\"https:\/\/ageo.ro\/biz\/wp-content\/uploads\/2026\/02\/IMG_7432-scaled.jpeg\" ><\/div><\/div><\/div><\/div><\/div><\/div><\/div><\/div><\/div><\/section><section id=\"bt_section69d0e6e3d3c26\"  class=\"boldSection gutter\" ><div class=\"port\"><div class=\"boldCell\"><div class=\"boldCellInner\"><div class=\"boldRow \" ><div class=\"boldRowInner\"><div class=\"rowItem col-md-4 col-ms-12 btTextLeft\"  data-width=\"4\"><div class=\"rowItemContent\" ><\/div><\/div><div class=\"rowItem col-md-4 col-ms-12 btTextCenter inherit\"  data-width=\"4\"><div class=\"rowItemContent\" ><a href=\"https:\/\/ageo.ro\/biz\/contact\/\" class=\"btBtn btBtn btnFilledStyle btnAccentColor btnSmall btnNormalWidth btnInlinePosition btnNoIcon\" ><span class=\"btnInnerText\">Rezerv\u0103 acum!<\/span><\/a><\/div><\/div><div class=\"rowItem col-md-4 col-ms-12 btTextLeft\"  data-width=\"4\"><div class=\"rowItemContent\" ><\/div><\/div><\/div><\/div><\/div><\/div><\/div><\/section><\/div>","protected":false},"excerpt":{"rendered":"","protected":false},"author":1,"featured_media":19148,"parent":0,"menu_order":0,"comment_status":"closed","ping_status":"closed","template":"","meta":[],"yst_prominent_words":[],"_links":{"self":[{"href":"https:\/\/ageo.ro\/biz\/wp-json\/wp\/v2\/pages\/19147"}],"collection":[{"href":"https:\/\/ageo.ro\/biz\/wp-json\/wp\/v2\/pages"}],"about":[{"href":"https:\/\/ageo.ro\/biz\/wp-json\/wp\/v2\/types\/page"}],"author":[{"embeddable":true,"href":"https:\/\/ageo.ro\/biz\/wp-json\/wp\/v2\/users\/1"}],"replies":[{"embeddable":true,"href":"https:\/\/ageo.ro\/biz\/wp-json\/wp\/v2\/comments?post=19147"}],"version-history":[{"count":7,"href":"https:\/\/ageo.ro\/biz\/wp-json\/wp\/v2\/pages\/19147\/revisions"}],"predecessor-version":[{"id":19926,"href":"https:\/\/ageo.ro\/biz\/wp-json\/wp\/v2\/pages\/19147\/revisions\/19926"}],"wp:featuredmedia":[{"embeddable":true,"href":"https:\/\/ageo.ro\/biz\/wp-json\/wp\/v2\/media\/19148"}],"wp:attachment":[{"href":"https:\/\/ageo.ro\/biz\/wp-json\/wp\/v2\/media?parent=19147"}],"wp:term":[{"taxonomy":"yst_prominent_words","embeddable":true,"href":"https:\/\/ageo.ro\/biz\/wp-json\/wp\/v2\/yst_prominent_words?post=19147"}],"curies":[{"name":"wp","href":"https:\/\/api.w.org\/{rel}","templated":true}]}}