{"id":17269,"date":"2021-08-03T11:47:33","date_gmt":"2021-08-03T08:47:33","guid":{"rendered":"https:\/\/ageo.ro\/biz\/?page_id=17269"},"modified":"2025-04-10T11:27:26","modified_gmt":"2025-04-10T08:27:26","slug":"studioul-ageo","status":"publish","type":"page","link":"https:\/\/ageo.ro\/biz\/studioul-ageo\/","title":{"rendered":"Studioul AGEO"},"content":{"rendered":"<div class=\"bt_rc_container\"><section id=\"bt_section69d0e300bead8\"  class=\"boldSection gutter\" ><div class=\"port\"><div class=\"boldCell\"><div class=\"boldCellInner\"><div class=\"boldRow \" ><div class=\"boldRowInner\"><div class=\"rowItem col-md-12 col-ms-12  btTextLeft\"  data-width=\"12\"><div class=\"rowItemContent\" ><div class=\"bpgPhoto btTextCenter\" ><div class = \"btImage\"><img src=\"https:\/\/ageo.ro\/biz\/wp-content\/uploads\/2021\/08\/Studioul-AGEO.jpg\" alt=\"https:\/\/ageo.ro\/biz\/wp-content\/uploads\/2021\/08\/Studioul-AGEO.jpg\" ><\/div><\/div><div class=\"btClear btSeparator topSmallSpaced bottomSmallSpaced noBorder\" ><hr><\/div><div class=\"btText\" ><p>Studio special amenajat pentru \u0219edin\u021be foto\/video profesionale.<\/p>\n<p>Spa\u021biul se poate \u00eenchiria separat sau \u00eempreun\u0103 cu servicii foto\/video.<\/p>\n<\/div><\/div><\/div><\/div><\/div><\/div><\/div><\/div><\/section><section id=\"bt_section69d0e300bfe45\"  class=\"boldSection gutter\" ><div class=\"port\"><div class=\"boldCell\"><div class=\"boldCellInner\"><div class=\"boldRow \" ><div class=\"boldRowInner\"><div class=\"rowItem col-md-12 col-ms-12  btTextLeft\"  data-width=\"12\"><div class=\"rowItemContent\" ><div class=\"btText\" ><p style=\"text-align: justify;\"><strong><span style=\"color: #373a85;\">Dot\u0103ri \u0219i beneficii:<\/span><\/strong><\/p>\n<ul>\n<li>Aer condi\u021bionat;<\/li>\n<li>Biosecuritate Ecologic\u0103 Integrat\u0103 asigurat\u0103 de dispozitivele <em><a href=\"https:\/\/www.uvmall.ro\/produse-biocomp\/dispozitive-uv-c-profesionale-pentru-dezinfectia-aerului-in-prezenta-persoanelor.html\" target=\"_blank\" rel=\"noopener\"><strong>BIOCOMP<\/strong><\/a><\/em> pentru dezinfec\u021bia aerului;<\/li>\n<li>Acces gratuit la Wi-Fi;<\/li>\n<li>Dezinfectant \u0219i m\u0103\u0219ti la intrarea \u00een sal\u0103;<\/li>\n<li>Servicii de dezinfec\u021bie \u00eenainte de \u0219edin\u021ba foto\/video;<\/li>\n<li>Styling de sal\u0103 (la cerere);<\/li>\n<li>Acces parcare privat\u0103.<\/li>\n<\/ul>\n<\/div><header class=\"header btClear small\" ><div class=\"dash\"><h4><span class=\"headline\">Galerie foto:<\/span><\/h4><\/div><\/header><div class=\"tilesWall btGridGallery tiled  btGridGap-10 lightbox\" data-col=\"3\"><div class=\"gridSizer\"><\/div><div class=\"gridItem btGhostSliderThumb bt11\" data-order-num=\"-1\"><div class=\"btTileBox\"><div class=\"bpgPhoto \" > \r\n\t\t\t\t\t<a href=\"https:\/\/ageo.ro\/biz\/wp-content\/uploads\/2021\/08\/185807528_4112493918811417_5997216930735320554_n.jpg\" class=\"lightbox\" data-title=\"\" data-rel=\"lightbox-gallery-v6Rg0ika\" data-rl_title=\"\" data-rl_caption=\"\" title=\"\"><\/a>\r\n\t\t\t\t\t<div class=\"boldPhotoBox\"><div class=\"bpbItem\"><div class = \"btImage\"><img src=\"https:\/\/ageo.ro\/biz\/wp-content\/uploads\/2021\/08\/185807528_4112493918811417_5997216930735320554_n-540x540.jpg\" alt=\"https:\/\/ageo.ro\/biz\/wp-content\/uploads\/2021\/08\/185807528_4112493918811417_5997216930735320554_n-540x540.jpg\" ><\/div><\/div><\/div>\r\n\t\t\t\t\t<div class=\"captionPane\">\r\n\t\t\t\t\t\t<div class=\"captionTable\">\r\n\t\t\t\t\t\t\t<div class=\"captionCell\">\r\n\t\t\t\t\t\t\t\t<div class=\"captionTxt\"><\/div>\r\n\t\t\t\t\t\t\t<\/div>\r\n\t\t\t\t\t\t<\/div>\r\n\t\t\t\t\t<\/div><\/div><\/div><\/div><div class=\"gridItem btGhostSliderThumb bt11\" data-order-num=\"0\"><div class=\"btTileBox\"><div class=\"bpgPhoto \" > \r\n\t\t\t\t\t<a href=\"https:\/\/ageo.ro\/biz\/wp-content\/uploads\/2021\/08\/185811679_4588794804483931_3580552358657091161_n.jpg\" class=\"lightbox\" data-title=\"\" data-rel=\"lightbox-gallery-v6Rg0ika\" data-rl_title=\"\" data-rl_caption=\"\" title=\"\"><\/a>\r\n\t\t\t\t\t<div class=\"boldPhotoBox\"><div class=\"bpbItem\"><div class = \"btImage\"><img src=\"https:\/\/ageo.ro\/biz\/wp-content\/uploads\/2021\/08\/185811679_4588794804483931_3580552358657091161_n-540x540.jpg\" alt=\"https:\/\/ageo.ro\/biz\/wp-content\/uploads\/2021\/08\/185811679_4588794804483931_3580552358657091161_n-540x540.jpg\" ><\/div><\/div><\/div>\r\n\t\t\t\t\t<div class=\"captionPane\">\r\n\t\t\t\t\t\t<div class=\"captionTable\">\r\n\t\t\t\t\t\t\t<div class=\"captionCell\">\r\n\t\t\t\t\t\t\t\t<div class=\"captionTxt\"><\/div>\r\n\t\t\t\t\t\t\t<\/div>\r\n\t\t\t\t\t\t<\/div>\r\n\t\t\t\t\t<\/div><\/div><\/div><\/div><div class=\"gridItem btGhostSliderThumb bt11\" data-order-num=\"1\"><div class=\"btTileBox\"><div class=\"bpgPhoto \" > \r\n\t\t\t\t\t<a href=\"https:\/\/ageo.ro\/biz\/wp-content\/uploads\/2021\/08\/185882293_4588794704483941_3666544641142132263_n.jpg\" class=\"lightbox\" data-title=\"\" data-rel=\"lightbox-gallery-v6Rg0ika\" data-rl_title=\"\" data-rl_caption=\"\" title=\"\"><\/a>\r\n\t\t\t\t\t<div class=\"boldPhotoBox\"><div class=\"bpbItem\"><div class = \"btImage\"><img src=\"https:\/\/ageo.ro\/biz\/wp-content\/uploads\/2021\/08\/185882293_4588794704483941_3666544641142132263_n-540x540.jpg\" alt=\"https:\/\/ageo.ro\/biz\/wp-content\/uploads\/2021\/08\/185882293_4588794704483941_3666544641142132263_n-540x540.jpg\" ><\/div><\/div><\/div>\r\n\t\t\t\t\t<div class=\"captionPane\">\r\n\t\t\t\t\t\t<div class=\"captionTable\">\r\n\t\t\t\t\t\t\t<div class=\"captionCell\">\r\n\t\t\t\t\t\t\t\t<div class=\"captionTxt\"><\/div>\r\n\t\t\t\t\t\t\t<\/div>\r\n\t\t\t\t\t\t<\/div>\r\n\t\t\t\t\t<\/div><\/div><\/div><\/div><div class=\"gridItem btGhostSliderThumb bt11\" data-order-num=\"2\"><div class=\"btTileBox\"><div class=\"bpgPhoto \" > \r\n\t\t\t\t\t<a href=\"https:\/\/ageo.ro\/biz\/wp-content\/uploads\/2021\/08\/197774396_187977886662034_8988655539005836231_n.jpg\" class=\"lightbox\" data-title=\"\" data-rel=\"lightbox-gallery-v6Rg0ika\" data-rl_title=\"\" data-rl_caption=\"\" title=\"\"><\/a>\r\n\t\t\t\t\t<div class=\"boldPhotoBox\"><div class=\"bpbItem\"><div class = \"btImage\"><img src=\"https:\/\/ageo.ro\/biz\/wp-content\/uploads\/2021\/08\/197774396_187977886662034_8988655539005836231_n-540x540.jpg\" alt=\"https:\/\/ageo.ro\/biz\/wp-content\/uploads\/2021\/08\/197774396_187977886662034_8988655539005836231_n-540x540.jpg\" ><\/div><\/div><\/div>\r\n\t\t\t\t\t<div class=\"captionPane\">\r\n\t\t\t\t\t\t<div class=\"captionTable\">\r\n\t\t\t\t\t\t\t<div class=\"captionCell\">\r\n\t\t\t\t\t\t\t\t<div class=\"captionTxt\"><\/div>\r\n\t\t\t\t\t\t\t<\/div>\r\n\t\t\t\t\t\t<\/div>\r\n\t\t\t\t\t<\/div><\/div><\/div><\/div><div class=\"gridItem btGhostSliderThumb bt11\" data-order-num=\"3\"><div class=\"btTileBox\"><div class=\"bpgPhoto \" > \r\n\t\t\t\t\t<a href=\"https:\/\/ageo.ro\/biz\/wp-content\/uploads\/2021\/08\/198573515_187977859995370_2730405225645596725_n.jpg\" class=\"lightbox\" data-title=\"\" data-rel=\"lightbox-gallery-v6Rg0ika\" data-rl_title=\"\" data-rl_caption=\"\" title=\"\"><\/a>\r\n\t\t\t\t\t<div class=\"boldPhotoBox\"><div class=\"bpbItem\"><div class = \"btImage\"><img src=\"https:\/\/ageo.ro\/biz\/wp-content\/uploads\/2021\/08\/198573515_187977859995370_2730405225645596725_n-540x540.jpg\" alt=\"https:\/\/ageo.ro\/biz\/wp-content\/uploads\/2021\/08\/198573515_187977859995370_2730405225645596725_n-540x540.jpg\" ><\/div><\/div><\/div>\r\n\t\t\t\t\t<div class=\"captionPane\">\r\n\t\t\t\t\t\t<div class=\"captionTable\">\r\n\t\t\t\t\t\t\t<div class=\"captionCell\">\r\n\t\t\t\t\t\t\t\t<div class=\"captionTxt\"><\/div>\r\n\t\t\t\t\t\t\t<\/div>\r\n\t\t\t\t\t\t<\/div>\r\n\t\t\t\t\t<\/div><\/div><\/div><\/div><\/div><div class=\"btClear btSeparator topSmallSpaced bottomSmallSpaced noBorder\" ><hr><\/div><\/div><\/div><\/div><\/div><\/div><\/div><\/div><\/section><section id=\"bt_section69d0e300c2b80\"  class=\"boldSection gutter\" ><div class=\"port\"><div class=\"boldCell\"><div class=\"boldCellInner\"><div class=\"boldRow \" ><div class=\"boldRowInner\"><div class=\"rowItem col-md-4 col-ms-12 btTextLeft\"  data-width=\"4\"><div class=\"rowItemContent\" ><\/div><\/div><div class=\"rowItem col-md-4 col-ms-12 btTextCenter inherit\"  data-width=\"4\"><div class=\"rowItemContent\" ><a href=\"https:\/\/ageo.ro\/biz\/contact\/\" class=\"btBtn btBtn btnFilledStyle btnAccentColor btnSmall btnNormalWidth btnInlinePosition btnNoIcon\" ><span class=\"btnInnerText\">Rezerv\u0103 acum!<\/span><\/a><\/div><\/div><div class=\"rowItem col-md-4 col-ms-12 btTextLeft\"  data-width=\"4\"><div class=\"rowItemContent\" ><\/div><\/div><\/div><\/div><\/div><\/div><\/div><\/section><\/div>","protected":false},"excerpt":{"rendered":"","protected":false},"author":1,"featured_media":17268,"parent":0,"menu_order":0,"comment_status":"closed","ping_status":"closed","template":"","meta":[],"yst_prominent_words":[],"_links":{"self":[{"href":"https:\/\/ageo.ro\/biz\/wp-json\/wp\/v2\/pages\/17269"}],"collection":[{"href":"https:\/\/ageo.ro\/biz\/wp-json\/wp\/v2\/pages"}],"about":[{"href":"https:\/\/ageo.ro\/biz\/wp-json\/wp\/v2\/types\/page"}],"author":[{"embeddable":true,"href":"https:\/\/ageo.ro\/biz\/wp-json\/wp\/v2\/users\/1"}],"replies":[{"embeddable":true,"href":"https:\/\/ageo.ro\/biz\/wp-json\/wp\/v2\/comments?post=17269"}],"version-history":[{"count":4,"href":"https:\/\/ageo.ro\/biz\/wp-json\/wp\/v2\/pages\/17269\/revisions"}],"predecessor-version":[{"id":19302,"href":"https:\/\/ageo.ro\/biz\/wp-json\/wp\/v2\/pages\/17269\/revisions\/19302"}],"wp:featuredmedia":[{"embeddable":true,"href":"https:\/\/ageo.ro\/biz\/wp-json\/wp\/v2\/media\/17268"}],"wp:attachment":[{"href":"https:\/\/ageo.ro\/biz\/wp-json\/wp\/v2\/media?parent=17269"}],"wp:term":[{"taxonomy":"yst_prominent_words","embeddable":true,"href":"https:\/\/ageo.ro\/biz\/wp-json\/wp\/v2\/yst_prominent_words?post=17269"}],"curies":[{"name":"wp","href":"https:\/\/api.w.org\/{rel}","templated":true}]}}