{"id":17263,"date":"2021-08-03T10:26:35","date_gmt":"2021-08-03T07:26:35","guid":{"rendered":"https:\/\/ageo.ro\/biz\/?page_id=17263"},"modified":"2025-04-10T11:26:08","modified_gmt":"2025-04-10T08:26:08","slug":"sala-purple-room","status":"publish","type":"page","link":"https:\/\/ageo.ro\/biz\/sala-purple-room\/","title":{"rendered":"Sala Purple Room"},"content":{"rendered":"<div class=\"bt_rc_container\"><section id=\"bt_section69f0d8eeb6806\"  class=\"boldSection gutter\" ><div class=\"port\"><div class=\"boldCell\"><div class=\"boldCellInner\"><div class=\"boldRow \" ><div class=\"boldRowInner\"><div class=\"rowItem col-md-12 col-ms-12  btTextLeft\"  data-width=\"12\"><div class=\"rowItemContent\" ><div class=\"bpgPhoto btTextCenter\" ><div class = \"btImage\"><img src=\"https:\/\/ageo.ro\/biz\/wp-content\/uploads\/2021\/04\/Purple-Room-AGEO.png\" alt=\"https:\/\/ageo.ro\/biz\/wp-content\/uploads\/2021\/04\/Purple-Room-AGEO.png\" ><\/div><\/div><div class=\"btClear btSeparator topSmallSpaced bottomSmallSpaced noBorder\" ><hr><\/div><div class=\"btText\" ><p style=\"text-align: justify;\">Sala Purple Room, cu o capacitate de maxim 30 de persoane, ofer\u0103 un cadru intim \u0219i rafinat pentru evenimentele tale.<\/p>\n<\/div><\/div><\/div><\/div><\/div><\/div><\/div><\/div><\/section><section id=\"bt_section69f0d8eeb7c22\"  class=\"boldSection gutter\" ><div class=\"port\"><div class=\"boldCell\"><div class=\"boldCellInner\"><div class=\"boldRow \" ><div class=\"boldRowInner\"><div class=\"rowItem col-md-12 col-ms-12  btTextLeft\"  data-width=\"12\"><div class=\"rowItemContent\" ><div class=\"btText\" ><p style=\"text-align: justify;\"><strong><span style=\"color: #373a85;\">Dot\u0103ri \u0219i beneficii:<\/span><\/strong><\/p>\n<ul>\n<li>Aer condi\u021bionat;<\/li>\n<li>Biosecuritate Ecologic\u0103 Integrat\u0103 asigurat\u0103 de dispozitivele <em><a href=\"https:\/\/biocomp.ro\/produse\/lampi-uv-dezinfectie-aer\/\"><strong>BIOCOMP<\/strong><\/a><\/em> pentru dezinfec\u021bia aerului;<\/li>\n<li>Acces gratuit la Wi-Fi;<\/li>\n<li>Video proiector, flipchart, sonorizare;<\/li>\n<li>Laptop + pointer (la cerere);<\/li>\n<li>Scaune cu m\u0103su\u021be individuale;<\/li>\n<li>Dezinfectant \u0219i m\u0103\u0219ti la intrarea \u00een sal\u0103;<\/li>\n<li>Servicii de dezinfec\u021bie \u00eenainte de eveniment;<\/li>\n<li>Styling de sal\u0103 (la cerere);<\/li>\n<li>Acces parcare privat\u0103.<\/li>\n<\/ul>\n<\/div><header class=\"header btClear small\" ><div class=\"dash\"><h4><span class=\"headline\">Galerie foto:<\/span><\/h4><\/div><\/header><div class=\"tilesWall btGridGallery tiled  btGridGap-10 lightbox\" data-col=\"3\"><div class=\"gridSizer\"><\/div><div class=\"gridItem btGhostSliderThumb bt11\" data-order-num=\"-1\"><div class=\"btTileBox\"><div class=\"bpgPhoto \" > \r\n\t\t\t\t\t<a href=\"https:\/\/ageo.ro\/biz\/wp-content\/uploads\/2021\/04\/54515530_2414018625275351_84301884373860352_n-1.png\" class=\"lightbox\" data-title=\"\" data-rel=\"lightbox-gallery-nOfqcOhp\" data-rl_title=\"\" data-rl_caption=\"\" title=\"\"><\/a>\r\n\t\t\t\t\t<div class=\"boldPhotoBox\"><div class=\"bpbItem\"><div class = \"btImage\"><img src=\"https:\/\/ageo.ro\/biz\/wp-content\/uploads\/2021\/04\/54515530_2414018625275351_84301884373860352_n-1-540x540.png\" alt=\"https:\/\/ageo.ro\/biz\/wp-content\/uploads\/2021\/04\/54515530_2414018625275351_84301884373860352_n-1-540x540.png\" ><\/div><\/div><\/div>\r\n\t\t\t\t\t<div class=\"captionPane\">\r\n\t\t\t\t\t\t<div class=\"captionTable\">\r\n\t\t\t\t\t\t\t<div class=\"captionCell\">\r\n\t\t\t\t\t\t\t\t<div class=\"captionTxt\"><\/div>\r\n\t\t\t\t\t\t\t<\/div>\r\n\t\t\t\t\t\t<\/div>\r\n\t\t\t\t\t<\/div><\/div><\/div><\/div><div class=\"gridItem btGhostSliderThumb bt11\" data-order-num=\"0\"><div class=\"btTileBox\"><div class=\"bpgPhoto \" > \r\n\t\t\t\t\t<a href=\"https:\/\/ageo.ro\/biz\/wp-content\/uploads\/2021\/04\/21949903_1280045318790639_6128119358229619453_o.jpg\" class=\"lightbox\" data-title=\"\" data-rel=\"lightbox-gallery-nOfqcOhp\" data-rl_title=\"\" data-rl_caption=\"\" title=\"\"><\/a>\r\n\t\t\t\t\t<div class=\"boldPhotoBox\"><div class=\"bpbItem\"><div class = \"btImage\"><img src=\"https:\/\/ageo.ro\/biz\/wp-content\/uploads\/2021\/04\/21949903_1280045318790639_6128119358229619453_o-540x540.jpg\" alt=\"https:\/\/ageo.ro\/biz\/wp-content\/uploads\/2021\/04\/21949903_1280045318790639_6128119358229619453_o-540x540.jpg\" ><\/div><\/div><\/div>\r\n\t\t\t\t\t<div class=\"captionPane\">\r\n\t\t\t\t\t\t<div class=\"captionTable\">\r\n\t\t\t\t\t\t\t<div class=\"captionCell\">\r\n\t\t\t\t\t\t\t\t<div class=\"captionTxt\"><\/div>\r\n\t\t\t\t\t\t\t<\/div>\r\n\t\t\t\t\t\t<\/div>\r\n\t\t\t\t\t<\/div><\/div><\/div><\/div><div class=\"gridItem btGhostSliderThumb bt11\" data-order-num=\"1\"><div class=\"btTileBox\"><div class=\"bpgPhoto \" > \r\n\t\t\t\t\t<a href=\"https:\/\/ageo.ro\/biz\/wp-content\/uploads\/2021\/04\/21768628_1278509182277586_1260025844988445415_o.jpg\" class=\"lightbox\" data-title=\"\" data-rel=\"lightbox-gallery-nOfqcOhp\" data-rl_title=\"\" data-rl_caption=\"\" title=\"\"><\/a>\r\n\t\t\t\t\t<div class=\"boldPhotoBox\"><div class=\"bpbItem\"><div class = \"btImage\"><img src=\"https:\/\/ageo.ro\/biz\/wp-content\/uploads\/2021\/04\/21768628_1278509182277586_1260025844988445415_o-540x540.jpg\" alt=\"https:\/\/ageo.ro\/biz\/wp-content\/uploads\/2021\/04\/21768628_1278509182277586_1260025844988445415_o-540x540.jpg\" ><\/div><\/div><\/div>\r\n\t\t\t\t\t<div class=\"captionPane\">\r\n\t\t\t\t\t\t<div class=\"captionTable\">\r\n\t\t\t\t\t\t\t<div class=\"captionCell\">\r\n\t\t\t\t\t\t\t\t<div class=\"captionTxt\"><\/div>\r\n\t\t\t\t\t\t\t<\/div>\r\n\t\t\t\t\t\t<\/div>\r\n\t\t\t\t\t<\/div><\/div><\/div><\/div><div class=\"gridItem btGhostSliderThumb bt11\" data-order-num=\"2\"><div class=\"btTileBox\"><div class=\"bpgPhoto \" > \r\n\t\t\t\t\t<a href=\"https:\/\/ageo.ro\/biz\/wp-content\/uploads\/2021\/04\/IMG_20210406_153551-1.png\" class=\"lightbox\" data-title=\"\" data-rel=\"lightbox-gallery-nOfqcOhp\" data-rl_title=\"\" data-rl_caption=\"\" title=\"\"><\/a>\r\n\t\t\t\t\t<div class=\"boldPhotoBox\"><div class=\"bpbItem\"><div class = \"btImage\"><img src=\"https:\/\/ageo.ro\/biz\/wp-content\/uploads\/2021\/04\/IMG_20210406_153551-1-540x540.png\" alt=\"https:\/\/ageo.ro\/biz\/wp-content\/uploads\/2021\/04\/IMG_20210406_153551-1-540x540.png\" ><\/div><\/div><\/div>\r\n\t\t\t\t\t<div class=\"captionPane\">\r\n\t\t\t\t\t\t<div class=\"captionTable\">\r\n\t\t\t\t\t\t\t<div class=\"captionCell\">\r\n\t\t\t\t\t\t\t\t<div class=\"captionTxt\"><\/div>\r\n\t\t\t\t\t\t\t<\/div>\r\n\t\t\t\t\t\t<\/div>\r\n\t\t\t\t\t<\/div><\/div><\/div><\/div><div class=\"gridItem btGhostSliderThumb bt11\" data-order-num=\"3\"><div class=\"btTileBox\"><div class=\"bpgPhoto \" > \r\n\t\t\t\t\t<a href=\"https:\/\/ageo.ro\/biz\/wp-content\/uploads\/2021\/04\/IMG_20210406_153543-1.png\" class=\"lightbox\" data-title=\"\" data-rel=\"lightbox-gallery-nOfqcOhp\" data-rl_title=\"\" data-rl_caption=\"\" title=\"\"><\/a>\r\n\t\t\t\t\t<div class=\"boldPhotoBox\"><div class=\"bpbItem\"><div class = \"btImage\"><img src=\"https:\/\/ageo.ro\/biz\/wp-content\/uploads\/2021\/04\/IMG_20210406_153543-1-540x540.png\" alt=\"https:\/\/ageo.ro\/biz\/wp-content\/uploads\/2021\/04\/IMG_20210406_153543-1-540x540.png\" ><\/div><\/div><\/div>\r\n\t\t\t\t\t<div class=\"captionPane\">\r\n\t\t\t\t\t\t<div class=\"captionTable\">\r\n\t\t\t\t\t\t\t<div class=\"captionCell\">\r\n\t\t\t\t\t\t\t\t<div class=\"captionTxt\"><\/div>\r\n\t\t\t\t\t\t\t<\/div>\r\n\t\t\t\t\t\t<\/div>\r\n\t\t\t\t\t<\/div><\/div><\/div><\/div><div class=\"gridItem btGhostSliderThumb bt11\" data-order-num=\"4\"><div class=\"btTileBox\"><div class=\"bpgPhoto \" > \r\n\t\t\t\t\t<a href=\"https:\/\/ageo.ro\/biz\/wp-content\/uploads\/2024\/06\/WhatsApp-Image-2024-06-24-at-11.22.33_b07903af.jpg\" class=\"lightbox\" data-title=\"\" data-rel=\"lightbox-gallery-nOfqcOhp\" data-rl_title=\"\" data-rl_caption=\"\" title=\"\"><\/a>\r\n\t\t\t\t\t<div class=\"boldPhotoBox\"><div class=\"bpbItem\"><div class = \"btImage\"><img src=\"https:\/\/ageo.ro\/biz\/wp-content\/uploads\/2024\/06\/WhatsApp-Image-2024-06-24-at-11.22.33_b07903af-540x540.jpg\" alt=\"https:\/\/ageo.ro\/biz\/wp-content\/uploads\/2024\/06\/WhatsApp-Image-2024-06-24-at-11.22.33_b07903af-540x540.jpg\" ><\/div><\/div><\/div>\r\n\t\t\t\t\t<div class=\"captionPane\">\r\n\t\t\t\t\t\t<div class=\"captionTable\">\r\n\t\t\t\t\t\t\t<div class=\"captionCell\">\r\n\t\t\t\t\t\t\t\t<div class=\"captionTxt\"><\/div>\r\n\t\t\t\t\t\t\t<\/div>\r\n\t\t\t\t\t\t<\/div>\r\n\t\t\t\t\t<\/div><\/div><\/div><\/div><\/div><div class=\"btClear btSeparator topSmallSpaced bottomSmallSpaced noBorder\" ><hr><\/div><\/div><\/div><\/div><\/div><\/div><\/div><\/div><\/section><section id=\"bt_section69f0d8eebb4a0\"  class=\"boldSection gutter\" ><div class=\"port\"><div class=\"boldCell\"><div class=\"boldCellInner\"><div class=\"boldRow \" ><div class=\"boldRowInner\"><div class=\"rowItem col-md-4 col-ms-12 btTextLeft\"  data-width=\"4\"><div class=\"rowItemContent\" ><\/div><\/div><div class=\"rowItem col-md-4 col-ms-12 btTextCenter inherit\"  data-width=\"4\"><div class=\"rowItemContent\" ><a href=\"https:\/\/ageo.ro\/biz\/contact\/\" class=\"btBtn btBtn btnFilledStyle btnAccentColor btnSmall btnNormalWidth btnInlinePosition btnNoIcon\" ><span class=\"btnInnerText\">Rezerv\u0103 acum!<\/span><\/a><\/div><\/div><div class=\"rowItem col-md-4 col-ms-12 btTextLeft\"  data-width=\"4\"><div class=\"rowItemContent\" ><\/div><\/div><\/div><\/div><\/div><\/div><\/div><\/section><\/div>","protected":false},"excerpt":{"rendered":"","protected":false},"author":1,"featured_media":17072,"parent":0,"menu_order":0,"comment_status":"closed","ping_status":"closed","template":"","meta":[],"yst_prominent_words":[],"_links":{"self":[{"href":"https:\/\/ageo.ro\/biz\/wp-json\/wp\/v2\/pages\/17263"}],"collection":[{"href":"https:\/\/ageo.ro\/biz\/wp-json\/wp\/v2\/pages"}],"about":[{"href":"https:\/\/ageo.ro\/biz\/wp-json\/wp\/v2\/types\/page"}],"author":[{"embeddable":true,"href":"https:\/\/ageo.ro\/biz\/wp-json\/wp\/v2\/users\/1"}],"replies":[{"embeddable":true,"href":"https:\/\/ageo.ro\/biz\/wp-json\/wp\/v2\/comments?post=17263"}],"version-history":[{"count":5,"href":"https:\/\/ageo.ro\/biz\/wp-json\/wp\/v2\/pages\/17263\/revisions"}],"predecessor-version":[{"id":19301,"href":"https:\/\/ageo.ro\/biz\/wp-json\/wp\/v2\/pages\/17263\/revisions\/19301"}],"wp:featuredmedia":[{"embeddable":true,"href":"https:\/\/ageo.ro\/biz\/wp-json\/wp\/v2\/media\/17072"}],"wp:attachment":[{"href":"https:\/\/ageo.ro\/biz\/wp-json\/wp\/v2\/media?parent=17263"}],"wp:term":[{"taxonomy":"yst_prominent_words","embeddable":true,"href":"https:\/\/ageo.ro\/biz\/wp-json\/wp\/v2\/yst_prominent_words?post=17263"}],"curies":[{"name":"wp","href":"https:\/\/api.w.org\/{rel}","templated":true}]}}