{"id":17034,"date":"2021-04-09T15:32:25","date_gmt":"2021-04-09T12:32:25","guid":{"rendered":"https:\/\/ageo.ro\/biz\/?page_id=17034"},"modified":"2026-02-23T16:32:48","modified_gmt":"2026-02-23T14:32:48","slug":"inchiriere-sali-evenimente-iasi-ageo","status":"publish","type":"page","link":"https:\/\/ageo.ro\/biz\/inchiriere-sali-evenimente-iasi-ageo\/","title":{"rendered":"Inchiriere sali evenimente Iasi"},"content":{"rendered":"<div class=\"bt_rc_container\"><section id=\"bt_section69d0d2a098d2b\" data-parallax=\"0.2\" data-parallax-offset=\"0\" class=\"boldSection topExtraSpaced bottomSpaced btDarkSkin gutter inherit btParallax wBackground cover\" style=\"background-image:url('https:\/\/ageo.ro\/biz\/wp-content\/uploads\/2021\/04\/IMG_20210406_160642.jpg');\" data-animation-icon=\"no_icon\"><div class=\"port\"><div class=\"boldCell\"><div class=\"boldCellInner\"><div class=\"boldRow \" ><div class=\"boldRowInner\"><div class=\"rowItem col-md-12 col-ms-12  btTextCenter inherit\"  data-width=\"12\"><div class=\"rowItemContent\" ><header class=\"header btClear extralarge\" ><div class=\"dash\"><h2><span class=\"headline\">\u00cenchiriere s\u0103li de evenimente \u00een Ia\u0219i<\/span><\/h2><\/div><\/header><\/div><\/div><\/div><\/div><div class=\"boldRow \" ><div class=\"boldRowInner\"><div class=\"rowItem col-md-12 col-ms-12  btTextLeft\"  data-width=\"12\"><div class=\"rowItemContent\" ><div class=\"btClear btSeparator topSpaced bottomSemiSpaced noBorder\" ><hr><\/div><\/div><\/div><\/div><\/div><\/div><\/div><\/div><\/section><section id=\"bt_section69d0d2a0993d1\"  class=\"boldSection topSpaced bottomSpaced gutter inherit\"  data-animation-icon=\"no_icon\"><div class=\"port\"><div class=\"boldCell\"><div class=\"boldCellInner\"><div class=\"boldRow \" ><div class=\"boldRowInner\"><div class=\"rowItem col-md-12 col-ms-12  btTextLeft\"  data-width=\"12\"><div class=\"rowItemContent\" ><div class=\"btText\" ><p><iframe loading=\"lazy\"  style=\"display: block; margin: 0px auto;\"  id=\"_ytid_33250\"  width=\"1200\" height=\"675\"  data-origwidth=\"1200\" data-origheight=\"675\" src=\"https:\/\/www.youtube.com\/embed\/loAv16SPp0M?enablejsapi=1&#038;autoplay=0&#038;cc_load_policy=0&#038;cc_lang_pref=&#038;iv_load_policy=1&#038;loop=0&#038;modestbranding=0&#038;rel=1&#038;fs=1&#038;playsinline=0&#038;autohide=2&#038;theme=dark&#038;color=red&#038;controls=1&#038;\" class=\"__youtube_prefs__  epyt-is-override  no-lazyload\" title=\"YouTube player\"  allow=\"fullscreen; accelerometer; autoplay; clipboard-write; encrypted-media; gyroscope; picture-in-picture\" allowfullscreen data-no-lazy=\"1\" data-skipgform_ajax_framebjll=\"\"><\/iframe><\/p>\n<p>AGEO Events v\u0103 pune la dispozi\u021bie patru s\u0103li de evenimente \u00een Ia\u0219i, care v\u0103 ofer\u0103 dot\u0103ri \u0219i servicii moderne, \u00een perfect\u0103 armonie cu evenimentul dorit.<\/p>\n<\/div><div class=\"btClear btSeparator topSmallSpaced bottomSmallSpaced noBorder\" ><hr><\/div><\/div><\/div><\/div><\/div><\/div><\/div><\/div><\/section><section id=\"bt_section69d0d2a099c5e\"  class=\"boldSection gutter\" ><div class=\"port\"><div class=\"boldCell\"><div class=\"boldCellInner\"><div class=\"boldRow \" ><div class=\"boldRowInner\"><div class=\"rowItem col-md-6 col-sm-12 btTextCenter inherit\"  data-width=\"6\"><div class=\"rowItemContent\" ><header class=\"header btClear extralarge\" ><div class=\"dash\"><h2><span class=\"headline\">Sala White Room<\/span><\/h2><\/div><\/header><\/div><\/div><div class=\"rowItem col-md-6 col-sm-12 btTextCenter inherit\"  data-width=\"6\"><div class=\"rowItemContent\" ><header class=\"header btClear extralarge\" ><div class=\"dash\"><h2><span class=\"headline\">Sala Green Room<\/span><\/h2><\/div><\/header><\/div><\/div><\/div><\/div><div class=\"boldRow \" ><div class=\"boldRowInner\"><div class=\"rowItem col-md-6 col-sm-12 btTextCenter inherit\"  data-width=\"6\"><div class=\"rowItemContent\" ><div class=\"bpgPhoto btTextCenter\" ><div class = \"btImage\"><img src=\"https:\/\/ageo.ro\/biz\/wp-content\/uploads\/2021\/04\/Untitled-design.png\" alt=\"https:\/\/ageo.ro\/biz\/wp-content\/uploads\/2021\/04\/Untitled-design.png\" ><\/div><\/div><\/div><\/div><div class=\"rowItem col-md-6 col-sm-12 btTextCenter inherit\"  data-width=\"6\"><div class=\"rowItemContent\" ><div class=\"bpgPhoto btTextCenter\" ><div class = \"btImage\"><img src=\"https:\/\/ageo.ro\/biz\/wp-content\/uploads\/2026\/02\/Colaje-Sali-AGEO.png\" alt=\"https:\/\/ageo.ro\/biz\/wp-content\/uploads\/2026\/02\/Colaje-Sali-AGEO.png\" ><\/div><\/div><\/div><\/div><\/div><\/div><div class=\"boldRow \" ><div class=\"boldRowInner\"><div class=\"rowItem col-md-6 col-sm-12 btTextCenter inherit\"  data-width=\"6\"><div class=\"rowItemContent\" ><div class=\"btText\" ><p>Sal\u0103 cu o capacitate de p\u00e2n\u0103 la 70 de persoane, elegant decorat\u0103, \u00een perfect\u0103 armonie cu cei care au ales s\u0103 organizeze un eveniment la AGEO Events.<\/p>\n<\/div><div class=\"btText\" ><p style=\"text-align: center;\"><strong><span style=\"color: #373a85;\">Dot\u0103ri &amp; beneficii:<\/span><\/strong><\/p>\n<p style=\"text-align: center;\">Aer condi\u021bionat<br \/>\nBiosecuritate Ecologic\u0103 Integrat\u0103 asigurat\u0103 de dispozitivele <em><a href=\"https:\/\/www.uvmall.ro\/produse-biocomp\/dispozitive-uv-c-profesionale-pentru-dezinfectia-aerului-in-prezenta-persoanelor.html\"><strong>BIOCOMP<\/strong><\/a> <\/em>pentru dezinfec\u021bia aerului<br \/>\nAcces gratuit la Wi-Fi<br \/>\nVideo proiector, flipchart, sonorizare<br \/>\nLaptop + pointer (la cerere)<br \/>\nScen\u0103 4&#215;2 m<br \/>\nLumini ambientale<br \/>\nSpa\u021biu de joac\u0103 pentru copii (la cerere)<br \/>\nCoffee bar \u0219i mese de cocktail<\/p>\n<\/div><div class=\"btClear btSeparator topExtraSmallSpaced bottomExtraSmallSpaced noBorder\" ><hr><\/div><a href=\"https:\/\/ageo.ro\/biz\/inchiriere-sala-white-room-ageo-events\/\" class=\"btBtn btBtn btnFilledStyle btnAccentColor btnMedium btnNormalWidth btnInlinePosition btnNoIcon\" ><span class=\"btnInnerText\">Vezi mai mult<\/span><\/a><\/div><\/div><div class=\"rowItem col-md-6 col-sm-12 btTextCenter inherit\"  data-width=\"6\"><div class=\"rowItemContent\" ><div class=\"btText\" ><p>Cu o capacitate de p\u00e2n\u0103 la 40 de persoane, Sala Green Room este loca\u021bia ideal\u0103 pentru evenimente de succes.<\/p>\n<p style=\"text-align: center;\"><strong><span style=\"color: #373a85;\">Dot\u0103ri &amp; beneficii:<\/span><\/strong><\/p>\n<p style=\"text-align: center;\">Acces gratuit la Wi-Fi<br \/>\nVideo proiector, flipchart, sonorizare<br \/>\nLaptop + pointer (la cerere)<br \/>\nScaune cu m\u0103su\u021be individuale<br \/>\nCosy business space (spa\u021biu pentru discu\u021bii private, dotat cu canapea, mas\u0103 cu patru scaune)<br \/>\nEspressor cafea<br \/>\nServicii de dezinfec\u021bie \u00eenainte de eveniment<br \/>\nStyling de sal\u0103 (la cerere)<br \/>\nToalet\u0103 separat\u0103<br \/>\nAcces la parcare privat\u0103<\/p>\n<\/div><div class=\"btClear btSeparator topExtraSmallSpaced bottomExtraSmallSpaced noBorder\" ><hr><\/div><a href=\"https:\/\/ageo.ro\/biz\/inchiriere-sala-green-room-ageo-events-iasi\/\" class=\"btBtn btBtn btnFilledStyle btnAccentColor btnMedium btnNormalWidth btnInlinePosition btnNoIcon\" ><span class=\"btnInnerText\">Vezi mai mult<\/span><\/a><\/div><\/div><\/div><\/div><div class=\"boldRow \" ><div class=\"boldRowInner\"><div class=\"rowItem col-md-12 col-ms-12  btTextLeft\"  data-width=\"12\"><div class=\"rowItemContent\" ><div class=\"btClear btSeparator topSmallSpaced bottomExtraSmallSpaced noBorder\" ><hr><\/div><\/div><\/div><\/div><\/div><\/div><\/div><\/div><\/section><section id=\"bt_section69d0d2a09b995\"  class=\"boldSection topSmallSpaced bottomSemiSpaced gutter inherit\"  data-animation-icon=\"no_icon\"><div class=\"port\"><div class=\"boldCell\"><div class=\"boldCellInner\"><div class=\"boldRow \" ><div class=\"boldRowInner\"><div class=\"rowItem col-md-6 col-sm-12 btTextCenter inherit\"  data-width=\"6\"><div class=\"rowItemContent\" ><header class=\"header btClear extralarge\" ><div class=\"dash\"><h2><span class=\"headline\">Sala Purple Room<\/span><\/h2><\/div><\/header><\/div><\/div><div class=\"rowItem col-md-6 col-sm-12 btTextCenter inherit\"  data-width=\"6\"><div class=\"rowItemContent\" ><header class=\"header btClear extralarge\" ><div class=\"dash\"><h2><span class=\"headline\">Studioul Ageo<\/span><\/h2><\/div><\/header><\/div><\/div><\/div><\/div><div class=\"boldRow \" ><div class=\"boldRowInner\"><div class=\"rowItem col-md-6 col-sm-12 btTextCenter inherit\"  data-width=\"6\"><div class=\"rowItemContent\" ><div class=\"bpgPhoto btTextCenter\" ><div class = \"btImage\"><img src=\"https:\/\/ageo.ro\/biz\/wp-content\/uploads\/2021\/04\/Sala-evenimente-Purple-Room.png\" alt=\"https:\/\/ageo.ro\/biz\/wp-content\/uploads\/2021\/04\/Sala-evenimente-Purple-Room.png\" ><\/div><\/div><\/div><\/div><div class=\"rowItem col-md-6 col-sm-12 btTextCenter inherit\"  data-width=\"6\"><div class=\"rowItemContent\" ><div class=\"bpgPhoto btTextCenter\" ><div class = \"btImage\"><img src=\"https:\/\/ageo.ro\/biz\/wp-content\/uploads\/2021\/08\/Studioul-AGEO.jpg\" alt=\"https:\/\/ageo.ro\/biz\/wp-content\/uploads\/2021\/08\/Studioul-AGEO.jpg\" ><\/div><\/div><\/div><\/div><\/div><\/div><div class=\"boldRow \" ><div class=\"boldRowInner\"><div class=\"rowItem col-md-6 col-sm-12 btTextCenter inherit\"  data-width=\"6\"><div class=\"rowItemContent\" ><div class=\"btText\" ><p>Sala Purple Room, cu o capacitate de maxim 30 de persoane, ofer\u0103 un cadru intim \u0219i rafinat pentru evenimentele tale.<\/p>\n<p style=\"text-align: center;\"><strong><span style=\"color: #373a85;\">Dot\u0103ri &amp; beneficii:<\/span><\/strong><\/p>\n<p style=\"text-align: center;\">Aer condi\u021bionat<br \/>\nBiosecuritate Ecologic\u0103 Integrat\u0103 asigurat\u0103 de dispozitivele <em><a href=\"https:\/\/www.uvmall.ro\/produse-biocomp\/dispozitive-uv-c-profesionale-pentru-dezinfectia-aerului-in-prezenta-persoanelor.html\" target=\"_blank\" rel=\"noopener\"><strong>BIOCOMP<\/strong><\/a><\/em> pentru dezinfec\u021bia aerului<br \/>\nAcces gratuit la Wi-Fi<br \/>\nVideo proiector, flipchart, sonorizare<br \/>\nLaptop + pointer (la cerere)<br \/>\nScaune cu m\u0103su\u021be individuale<br \/>\nDezinfectant \u0219i m\u0103\u0219ti la intrarea \u00een sal\u0103<br \/>\nServicii de dezinfec\u021bie \u00eenainte de eveniment<br \/>\nStyling de sal\u0103 (la cerere)<br \/>\nAcces parcare privat\u0103<\/p>\n<\/div><div class=\"btClear btSeparator topExtraSmallSpaced bottomExtraSmallSpaced noBorder\" ><hr><\/div><a href=\"https:\/\/ageo.ro\/biz\/sala-purple-room\/\" class=\"btBtn btBtn btnFilledStyle btnAccentColor btnMedium btnNormalWidth btnInlinePosition btnNoIcon\" ><span class=\"btnInnerText\">Vezi mai mult<\/span><\/a><\/div><\/div><div class=\"rowItem col-md-6 col-sm-12 btTextCenter inherit\"  data-width=\"6\"><div class=\"rowItemContent\" ><div class=\"btText\" ><p>Studio special amenajat pentru \u0219edin\u021be foto\/video profesionale.<\/p>\n<p>Spa\u021biul se poate \u00eenchiria separat sau \u00eempreun\u0103 cu servicii foto\/video.<\/p>\n<p style=\"text-align: center;\"><strong><span style=\"color: #373a85;\">Dot\u0103ri &amp; beneficii:<\/span><\/strong><\/p>\n<p style=\"text-align: center;\">Aer condi\u021bionat<br \/>\nBiosecuritate Ecologic\u0103 Integrat\u0103 asigurat\u0103 de dispozitivele <em><a href=\"https:\/\/www.uvmall.ro\/produse-biocomp\/dispozitive-uv-c-profesionale-pentru-dezinfectia-aerului-in-prezenta-persoanelor.html\" target=\"_blank\" rel=\"noopener\"><strong>BIOCOMP<\/strong><\/a><\/em> pentru dezinfec\u021bia aerului<br \/>\nAcces gratuit la Wi-Fi<br \/>\nDezinfectant \u0219i m\u0103\u0219ti la intrarea \u00een sal\u0103<br \/>\nServicii de dezinfec\u021bie \u00eenainte de \u0219edin\u021ba foto\/video<br \/>\nStyling de sal\u0103 (la cerere)<br \/>\nAcces parcare privat\u0103<\/p>\n<\/div><div class=\"btClear btSeparator topExtraSmallSpaced bottomExtraSmallSpaced noBorder\" ><hr><\/div><a href=\"https:\/\/ageo.ro\/biz\/studioul-ageo\/\" class=\"btBtn btBtn btnFilledStyle btnAccentColor btnSmall btnNormalWidth btnInlinePosition btnNoIcon\" ><span class=\"btnInnerText\">Vezi mai mult<\/span><\/a><\/div><\/div><\/div><\/div><\/div><\/div><\/div><\/section><\/div>","protected":false},"excerpt":{"rendered":"","protected":false},"author":1,"featured_media":17094,"parent":0,"menu_order":0,"comment_status":"closed","ping_status":"closed","template":"","meta":[],"yst_prominent_words":[],"_links":{"self":[{"href":"https:\/\/ageo.ro\/biz\/wp-json\/wp\/v2\/pages\/17034"}],"collection":[{"href":"https:\/\/ageo.ro\/biz\/wp-json\/wp\/v2\/pages"}],"about":[{"href":"https:\/\/ageo.ro\/biz\/wp-json\/wp\/v2\/types\/page"}],"author":[{"embeddable":true,"href":"https:\/\/ageo.ro\/biz\/wp-json\/wp\/v2\/users\/1"}],"replies":[{"embeddable":true,"href":"https:\/\/ageo.ro\/biz\/wp-json\/wp\/v2\/comments?post=17034"}],"version-history":[{"count":72,"href":"https:\/\/ageo.ro\/biz\/wp-json\/wp\/v2\/pages\/17034\/revisions"}],"predecessor-version":[{"id":19927,"href":"https:\/\/ageo.ro\/biz\/wp-json\/wp\/v2\/pages\/17034\/revisions\/19927"}],"wp:featuredmedia":[{"embeddable":true,"href":"https:\/\/ageo.ro\/biz\/wp-json\/wp\/v2\/media\/17094"}],"wp:attachment":[{"href":"https:\/\/ageo.ro\/biz\/wp-json\/wp\/v2\/media?parent=17034"}],"wp:term":[{"taxonomy":"yst_prominent_words","embeddable":true,"href":"https:\/\/ageo.ro\/biz\/wp-json\/wp\/v2\/yst_prominent_words?post=17034"}],"curies":[{"name":"wp","href":"https:\/\/api.w.org\/{rel}","templated":true}]}}