{"id":127,"date":"2015-09-22T12:59:40","date_gmt":"2015-09-22T12:59:40","guid":{"rendered":"http:\/\/showcase.omnicom-dev.com\/wedding\/?page_id=2"},"modified":"2025-01-23T13:13:52","modified_gmt":"2025-01-23T11:13:52","slug":"home","status":"publish","type":"page","link":"https:\/\/ageo.ro\/biz\/","title":{"rendered":"Acas\u0103"},"content":{"rendered":"<div class=\"bt_rc_container\"><section id=\"wedding_1\" data-parallax=\"0\" data-parallax-offset=\"0\" class=\"boldSection btDivider topExtraSpaced bottomSpaced btDarkSkin gutter fullScreenHeight btMiddleVertical btParallax wBackground cover\" style=\"background-image:url('https:\/\/ageo.ro\/biz\/wp-content\/uploads\/2015\/09\/ageo-biz-home2.jpg');\" data-animation-icon=\"cs_e917\"><div class=\"port\"><div class=\"boldCell\"><div class=\"boldCellInner\"><div class=\"boldRow \" ><div class=\"boldRowInner\"><div class=\"rowItem col-md-12 col-ms-12  btTextCenter animate animate-movedown btMiddleVertical btNoPadding\"  data-width=\"12\"><div class=\"rowItemContent\" ><div class=\"bpgPhoto btTextCenter\" ><div class = \"btImage\"><img src=\"https:\/\/ageo.ro\/biz\/wp-content\/uploads\/2015\/09\/slogan-corporate-events-sm2.png\" alt=\"https:\/\/ageo.ro\/biz\/wp-content\/uploads\/2015\/09\/slogan-corporate-events-sm2.png\" ><\/div><\/div><div class=\"btClear btSeparator noBorder\" ><hr><\/div><div class=\"bpgPhoto btTextCenter\" ><div class = \"btImage\"><img src=\"https:\/\/ageo.ro\/biz\/wp-content\/uploads\/2016\/07\/logo_AGEO-biz2-small-3.png\" alt=\"https:\/\/ageo.ro\/biz\/wp-content\/uploads\/2016\/07\/logo_AGEO-biz2-small-3.png\" ><\/div><\/div><div class=\"btClear btSeparator noBorder\" ><hr><\/div><a href=\"#servicii\" class=\"btBtn btBtn btnOutlineStyle btnAccentColor btnBig btnNormalWidth btnRightPosition btnNoIcon\" ><span class=\"btnInnerText\">SERVICIILE NOASTRE<\/span><\/a><\/div><\/div><\/div><\/div><\/div><\/div><\/div><\/section><section id=\"services\" data-parallax=\"0.1\" data-parallax-offset=\"0\" class=\"boldSection topSpaced bottomSpaced gutter inherit btParallax\"  data-animation-icon=\"cs_e007\"><div class=\"port\"><div class=\"boldCell\"><div class=\"boldCellInner\"><div class=\"boldRow \" ><div class=\"boldRowInner\"><div class=\"rowItem col-md-3 col-sm-6 col-ms-12 btTextLeft\"  data-width=\"3\"><div class=\"rowItemContent\" ><\/div><\/div><div class=\"rowItem col-md-6 col-sm-12 btTextCenter animate animate-fadein inherit\"  data-width=\"6\"><div class=\"rowItemContent\" ><div class=\"btClear btSeparator bottomSemiSpaced noBorder\" ><hr><\/div><header class=\"header btClear extralarge btDash bottomDash\" style=\"margin-right: 10px;\"><div class=\"dash\"><h2><span class=\"headline\">Serviciile noastre<\/span><\/h2><\/div><div class=\"btSubTitle\">AGEO Biz \u00ee\u0163i ofer\u0103 cele mai bune servicii \u015fi solu\u0163ii pentru tine \u015fi afacerea ta.<\/div><\/header><div class=\"btClear btSeparator bottomSemiSpaced noBorder\" ><hr><\/div><\/div><\/div><div class=\"rowItem col-md-3 col-sm-6 col-ms-12 btTextLeft\"  data-width=\"3\"><div class=\"rowItemContent\" ><\/div><\/div><\/div><\/div><div class=\"boldRow \" ><div class=\"boldRowInner\"><div class=\"rowItem col-md-4 col-ms-12 btTextCenter animate animate-fadein inherit\"  data-width=\"4\"><div class=\"rowItemContent\" ><div class=\"btIconImageRow\" ><div class=\"bpgPhoto btTextCenter\" > \r\n\t\t\t\t\t<a href=\"http:\/\/ageo.ro\/biz\/servicii\/corporate-events\/\" target=\"_self\"><\/a>\r\n\t\t\t\t\t<div class=\"boldPhotoBox\"><div class=\"bpbItem\"><div class = \"btImage\"><img src=\"https:\/\/ageo.ro\/biz\/wp-content\/uploads\/2015\/09\/corporate-events-blue1.jpg\" alt=\"https:\/\/ageo.ro\/biz\/wp-content\/uploads\/2015\/09\/corporate-events-blue1.jpg\" ><\/div><\/div><\/div>\r\n\t\t\t\t\t<div class=\"captionPane\">\r\n\t\t\t\t\t\t<div class=\"captionTable\">\r\n\t\t\t\t\t\t\t<div class=\"captionCell\">\r\n\t\t\t\t\t\t\t\t<div class=\"captionTxt\"><\/div>\r\n\t\t\t\t\t\t\t<\/div>\r\n\t\t\t\t\t\t<\/div>\r\n\t\t\t\t\t<\/div><\/div><\/div><div class=\"btClear btSeparator bottomSmallSpaced noBorder\" ><hr><\/div><header class=\"header btClear large btDash bottomDash\" ><div class=\"dash\"><h2><span class=\"headline\">Corporate Events<\/span><\/h2><\/div><div class=\"btSubTitle\">Facem design de evenimente \u015fi \u00ee\u0163i livr\u0103m experien\u0163e memorabile. AGEO Biz \u00ee\u0163i ofer\u0103 servicii complete de management de eveniment.<\/div><\/header><div class=\"btClear btSeparator bottomSemiSpaced noBorder\" ><hr><\/div><\/div><\/div><div class=\"rowItem col-md-4 col-ms-12 btTextCenter animate animate-fadein inherit\"  data-width=\"4\"><div class=\"rowItemContent\" ><div class=\"btIconImageRow\" ><div class=\"bpgPhoto btTextCenter\" > \r\n\t\t\t\t\t<a href=\"http:\/\/ageo.ro\/biz\/servicii\/semso\/\" target=\"_self\"><\/a>\r\n\t\t\t\t\t<div class=\"boldPhotoBox\"><div class=\"bpbItem\"><div class = \"btImage\"><img src=\"https:\/\/ageo.ro\/biz\/wp-content\/uploads\/2015\/09\/semso-2.png\" alt=\"https:\/\/ageo.ro\/biz\/wp-content\/uploads\/2015\/09\/semso-2.png\" ><\/div><\/div><\/div>\r\n\t\t\t\t\t<div class=\"captionPane\">\r\n\t\t\t\t\t\t<div class=\"captionTable\">\r\n\t\t\t\t\t\t\t<div class=\"captionCell\">\r\n\t\t\t\t\t\t\t\t<div class=\"captionTxt\"><\/div>\r\n\t\t\t\t\t\t\t<\/div>\r\n\t\t\t\t\t\t<\/div>\r\n\t\t\t\t\t<\/div><\/div><\/div><div class=\"btClear btSeparator bottomSmallSpaced noBorder\" ><hr><\/div><header class=\"header btClear large btDash bottomDash\" ><div class=\"dash\"><h2><span class=\"headline\">Semso<\/span><\/h2><\/div><div class=\"btSubTitle\">Succesul afacerii tale st\u0103 \u00een accesul la expertiza de specialitate! Expertiza SEMSO. SEMSO\u2026 \u00eentotdeauna l\u00e2ng\u0103 tine!<\/div><\/header><div class=\"btClear btSeparator bottomSemiSpaced noBorder\" ><hr><\/div><\/div><\/div><div class=\"rowItem col-md-4 col-ms-12 btTextCenter animate animate-fadein inherit\"  data-width=\"4\"><div class=\"rowItemContent\" ><div class=\"btIconImageRow\" ><div class=\"bpgPhoto btTextCenter\" > \r\n\t\t\t\t\t<a href=\"http:\/\/ageo.ro\/biz\/servicii\/public-speaking\/\" target=\"_self\"><\/a>\r\n\t\t\t\t\t<div class=\"boldPhotoBox\"><div class=\"bpbItem\"><div class = \"btImage\"><img src=\"https:\/\/ageo.ro\/biz\/wp-content\/uploads\/2015\/09\/microphone-blue1.jpg\" alt=\"https:\/\/ageo.ro\/biz\/wp-content\/uploads\/2015\/09\/microphone-blue1.jpg\" ><\/div><\/div><\/div>\r\n\t\t\t\t\t<div class=\"captionPane\">\r\n\t\t\t\t\t\t<div class=\"captionTable\">\r\n\t\t\t\t\t\t\t<div class=\"captionCell\">\r\n\t\t\t\t\t\t\t\t<div class=\"captionTxt\"><\/div>\r\n\t\t\t\t\t\t\t<\/div>\r\n\t\t\t\t\t\t<\/div>\r\n\t\t\t\t\t<\/div><\/div><\/div><div class=\"btClear btSeparator bottomSmallSpaced noBorder\" ><hr><\/div><header class=\"header btClear large btDash bottomDash\" ><div class=\"dash\"><h2><span class=\"headline\">Public speaking<\/span><\/h2><\/div><div class=\"btSubTitle\">Ai nevoie de un speaker sau un mesaj motiva\u0163ional? Dac\u0103 nu e\u015fti un orator \u00eenn\u0103scut, AGEO Biz \u00ee\u0163i ofer\u0103 servicii de consultan\u0163\u0103 \u015fi coaching. <\/div><\/header><div class=\"btClear btSeparator bottomSemiSpaced noBorder\" ><hr><\/div><\/div><\/div><\/div><\/div><div class=\"boldRow \" ><div class=\"boldRowInner\"><div class=\"rowItem col-md-4 col-ms-12 btTextCenter animate animate-fadein inherit\"  data-width=\"4\"><div class=\"rowItemContent\" ><div class=\"btIconImageRow\" ><div class=\"bpgPhoto btTextCenter\" > \r\n\t\t\t\t\t<a href=\"http:\/\/ageo.ro\/biz\/servicii\/bune-maniere-in-afaceri\/\" target=\"_self\"><\/a>\r\n\t\t\t\t\t<div class=\"boldPhotoBox\"><div class=\"bpbItem\"><div class = \"btImage\"><img src=\"https:\/\/ageo.ro\/biz\/wp-content\/uploads\/2015\/09\/handshake4.jpg\" alt=\"https:\/\/ageo.ro\/biz\/wp-content\/uploads\/2015\/09\/handshake4.jpg\" ><\/div><\/div><\/div>\r\n\t\t\t\t\t<div class=\"captionPane\">\r\n\t\t\t\t\t\t<div class=\"captionTable\">\r\n\t\t\t\t\t\t\t<div class=\"captionCell\">\r\n\t\t\t\t\t\t\t\t<div class=\"captionTxt\"><\/div>\r\n\t\t\t\t\t\t\t<\/div>\r\n\t\t\t\t\t\t<\/div>\r\n\t\t\t\t\t<\/div><\/div><\/div><div class=\"btClear btSeparator bottomSmallSpaced noBorder\" ><hr><\/div><header class=\"header btClear large btDash bottomDash\" ><div class=\"dash\"><h2><span class=\"headline\">Bune maniere \u00een afaceri<\/span><\/h2><\/div><div class=\"btSubTitle\">Micile detalii fac diferen\u0163a \u00een mediul de afaceri de ast\u0103zi. Dac\u0103 vrei s\u0103 \u00ee\u0163i surprinzi \u00een mod pl\u0103cut clien\u0163ii \u015fi partenerii nu ignora rolul bunelor maniere.\r<br><\/div><\/header><div class=\"btClear btSeparator bottomExtraSmallSpaced noBorder\" ><hr><\/div><\/div><\/div><div class=\"rowItem col-md-4 col-ms-12 btTextCenter animate animate-fadein inherit\"  data-width=\"4\"><div class=\"rowItemContent\" ><div class=\"btIconImageRow\" ><div class=\"bpgPhoto btTextCenter\" > \r\n\t\t\t\t\t<a href=\"http:\/\/ageo.ro\/biz\/servicii\/traininguri\/\" target=\"_self\"><\/a>\r\n\t\t\t\t\t<div class=\"boldPhotoBox\"><div class=\"bpbItem\"><div class = \"btImage\"><img src=\"https:\/\/ageo.ro\/biz\/wp-content\/uploads\/2015\/09\/training-blue1.jpg\" alt=\"https:\/\/ageo.ro\/biz\/wp-content\/uploads\/2015\/09\/training-blue1.jpg\" ><\/div><\/div><\/div>\r\n\t\t\t\t\t<div class=\"captionPane\">\r\n\t\t\t\t\t\t<div class=\"captionTable\">\r\n\t\t\t\t\t\t\t<div class=\"captionCell\">\r\n\t\t\t\t\t\t\t\t<div class=\"captionTxt\"><\/div>\r\n\t\t\t\t\t\t\t<\/div>\r\n\t\t\t\t\t\t<\/div>\r\n\t\t\t\t\t<\/div><\/div><\/div><div class=\"btClear btSeparator bottomSmallSpaced noBorder\" ><hr><\/div><header class=\"header btClear large btDash bottomDash\" ><div class=\"dash\"><h2><span class=\"headline\">Training-uri<\/span><\/h2><\/div><div class=\"btSubTitle\">Ajut\u0103-\u0163i echipa s\u0103 creasc\u0103! Speciali\u015ftii AGEO Biz \u00ee\u0163i pun la dispozi\u0163ie traininguri specializate pentru ca tu \u015fi echipa ta s\u0103 fi\u0163i la cel mai \u00eenalt nivel!<\/div><\/header><div class=\"btClear btSeparator bottomExtraSmallSpaced noBorder\" ><hr><\/div><\/div><\/div><div class=\"rowItem col-md-4 col-ms-12 btTextCenter animate animate-fadein inherit\"  data-width=\"4\"><div class=\"rowItemContent\" ><div class=\"btIconImageRow\" ><div class=\"bpgPhoto btTextCenter\" > \r\n\t\t\t\t\t<a href=\"http:\/\/ageo.ro\/biz\/servicii\/team-buildinguri\/\" target=\"_self\"><\/a>\r\n\t\t\t\t\t<div class=\"boldPhotoBox\"><div class=\"bpbItem\"><div class = \"btImage\"><img src=\"https:\/\/ageo.ro\/biz\/wp-content\/uploads\/2015\/09\/teambuilding3-blue1.jpg\" alt=\"https:\/\/ageo.ro\/biz\/wp-content\/uploads\/2015\/09\/teambuilding3-blue1.jpg\" ><\/div><\/div><\/div>\r\n\t\t\t\t\t<div class=\"captionPane\">\r\n\t\t\t\t\t\t<div class=\"captionTable\">\r\n\t\t\t\t\t\t\t<div class=\"captionCell\">\r\n\t\t\t\t\t\t\t\t<div class=\"captionTxt\"><\/div>\r\n\t\t\t\t\t\t\t<\/div>\r\n\t\t\t\t\t\t<\/div>\r\n\t\t\t\t\t<\/div><\/div><\/div><div class=\"btClear btSeparator bottomSmallSpaced noBorder\" ><hr><\/div><header class=\"header btClear large btDash bottomDash\" ><div class=\"dash\"><h2><span class=\"headline\">Team Building-uri<\/span><\/h2><\/div><div class=\"btSubTitle\">Succesul este adus de o echip\u0103 unit\u0103 \u015fi eficient\u0103! Investe\u015fte \u00een echipa ta \u015fi \u00eenscrie-o \u00eentr-un program profesionist de team building!\r<br><\/div><\/header><div class=\"btClear btSeparator bottomExtraSmallSpaced noBorder\" ><hr><\/div><\/div><\/div><\/div><\/div><div class=\"boldRow \" ><div class=\"boldRowInner\"><div class=\"rowItem col-md-6 col-sm-12 btTextCenter animate animate-fadein inherit\"  data-width=\"6\"><div class=\"rowItemContent\" ><div class=\"btClear btSeparator topSmallSpaced bottomSemiSpaced noBorder\" ><hr><\/div><header class=\"header btClear large btDash bottomDash\" ><div class=\"dash\"><h2><span class=\"headline\">Bro\u0219ura de prezentare<\/span><\/h2><\/div><div class=\"btSubTitle\">\u0218tiai c\u0103 evenimentele au cel mai mare impact \u00een atragerea de clien\u021bi \u0219i cre\u0219terea vizibilit\u0103\u021bii unui brand?\r<br>\r<br>\u0218tii c\u0103 po\u021bi s\u0103 \u00ee\u021bi promovezi brandul \u00eentr-o manier\u0103 inedit\u0103 \u0219i s\u0103 folose\u0219ti toate instrumentele moderne?\r<br>\r<br>Ai nevoie de teambuilding-uri \u0219i workshop-uri pentru a deveni cel mai bun \u00een domeniul t\u0103u de activitate?\r<br>\r<br>Echipa AGEO are re\u021beta perfect\u0103 pentru reu\u0219ita ta \u0219i a afacerii tale! Iat\u0103 cum te putem ajuta:<\/div><\/header><\/div><\/div><div class=\"rowItem col-md-6 col-sm-12 btTextCenter animate animate-fadein inherit\"  data-width=\"6\"><div class=\"rowItemContent\" ><div class=\"btClear btSeparator topSmallSpaced bottomSmallSpaced noBorder\" ><hr><\/div><div class=\"btClear btSeparator topSmallSpaced bottomExtraSmallSpaced noBorder\" ><hr><\/div><div class=\"btText\" ><div class=\"_df_book df-lite\" id=\"df_19029\"  _slug=\"19029\" data-title=\"\" wpoptions=\"true\" thumb=\"https:\/\/ageo.ro\/biz\/wp-content\/uploads\/2025\/01\/Coperta-brosura-prezentare-AGEO.png\" thumbtype=\"\" ><\/div>\n<p><script class=\"df-shortcode-script\" nowprocket type=\"application\/javascript\">window.option_df_19029 = {\"outline\":[],\"autoEnableOutline\":\"false\",\"autoEnableThumbnail\":\"false\",\"overwritePDFOutline\":\"false\",\"direction\":\"1\",\"pageSize\":\"0\",\"source\":\"https:\\\/\\\/ageo.ro\\\/biz\\\/wp-content\\\/uploads\\\/2025\\\/01\\\/pliant-prezentare-ageo.pdf\",\"wpOptions\":\"true\"}; if(window.DFLIP && window.DFLIP.parseBooks){window.DFLIP.parseBooks();}<\/script><\/p>\n<\/div><\/div><\/div><\/div><\/div><\/div><\/div><\/div><\/section><section id=\"bt_section69f0c50ed44d8\"  class=\"boldSection topSmallSpaced bottomSpaced btDarkSkin gutter btMiddleVertical wBackground cover\" style=\"background-image:url('https:\/\/ageo.ro\/biz\/wp-content\/uploads\/2016\/06\/shutterstock_76411759-sm-1.jpg');\" data-animation-icon=\"no_icon\"><div class=\"port\"><div class=\"boldCell\"><div class=\"boldCellInner\"><div class=\"boldRow \" ><div class=\"boldRowInner\"><div class=\"rowItem col-md-12 col-ms-12  btTextCenter animate animate-fadein inherit\"  data-width=\"12\"><div class=\"rowItemContent\" ><div class=\"btClear btSeparator topSemiSpaced bottomSpaced noBorder\" ><hr><\/div><header class=\"header btClear extralarge btDash bottomDash\" ><div class=\"dash\"><h2><span class=\"headline\">Vrei mai multe detalii?<\/span><\/h2><\/div><div class=\"btSubTitle\">Stabile\u015fte o \u00eent\u00e2lnire cu noi pentru a afla mai multe informa\u0163ii despre serviciile noastre.<\/div><\/header><a href=\"https:\/\/ageo.ro\/biz\/contact\/\" class=\"btBtn btBtn btnFilledStyle btnAccentColor btnBig btnNormalWidth btnRightPosition btnNoIcon\" ><span class=\"btnInnerText\">Contacteaz\u0103-ne!<\/span><\/a><div class=\"btClear btSeparator bottomSemiSpaced noBorder\" ><hr><\/div><a href=\"http:\/\/ageo.ro\/biz\/evenimente\" class=\"btBtn btBtn btnFilledStyle btnAccentColor btnSmall btnNormalWidth btnLeftPosition btnNoIcon\" ><span class=\"btnInnerText\">Calendar Evenimente<\/span><\/a><a href=\"http:\/\/ageo.ro\/biz\/portofoliul-nostru\/\" class=\"btBtn btBtn btnFilledStyle btnAccentColor btnSmall btnNormalWidth btnRightPosition btnNoIcon\" ><span class=\"btnInnerText\">Portofoliul nostru<\/span><\/a><\/div><\/div><\/div><\/div><\/div><\/div><\/div><\/section><section id=\"bt_section69f0c50ed5d9e\"  class=\"boldSection topSpaced bottomSpaced gutter inherit\"  data-animation-icon=\"no_icon\"><div class=\"port\"><div class=\"boldCell\"><div class=\"boldCellInner\"><div class=\"boldRow \" ><div class=\"boldRowInner\"><div class=\"rowItem col-md-6 col-sm-12 btTextLeft\"  data-width=\"6\"><div class=\"rowItemContent\" ><div class=\"btText\" ><div class='mailmunch-forms-short-code mailmunch-forms-widget-395421' style='display: none !important;'><\/div>\n<\/div><\/div><\/div><div class=\"rowItem col-md-6 col-sm-12 btTextLeft\"  data-width=\"6\"><div class=\"rowItemContent\" ><div class=\"btGridContainer tiled btGridGap-5 \" ><div class=\"tilesWall btAjaxGrid tiled\" data-num=\"6\" data-tiles-title=\"no\" data-grid-type=\"tiled\" data-post-type=\"post\" data-col=\"3\" data-cat-slug=\"\" data-scroll-loading=\"no\" data-format=\"\" data-related=\"\" data-sticky=\"no\"><div class=\"gridSizer\"><\/div><\/div><div class=\"btLoader btLoaderGrid\"><\/div><div class=\"btNoMore btTextCenter topSmallSpaced bottomSmallSpaced\">Au fost afisate toate postarile.<\/div><\/div><\/div><\/div><\/div><\/div><\/div><\/div><\/div><\/section><\/div>","protected":false},"excerpt":{"rendered":"","protected":false},"author":1,"featured_media":0,"parent":0,"menu_order":0,"comment_status":"closed","ping_status":"open","template":"","meta":[],"yst_prominent_words":[],"_links":{"self":[{"href":"https:\/\/ageo.ro\/biz\/wp-json\/wp\/v2\/pages\/127"}],"collection":[{"href":"https:\/\/ageo.ro\/biz\/wp-json\/wp\/v2\/pages"}],"about":[{"href":"https:\/\/ageo.ro\/biz\/wp-json\/wp\/v2\/types\/page"}],"author":[{"embeddable":true,"href":"https:\/\/ageo.ro\/biz\/wp-json\/wp\/v2\/users\/1"}],"replies":[{"embeddable":true,"href":"https:\/\/ageo.ro\/biz\/wp-json\/wp\/v2\/comments?post=127"}],"version-history":[{"count":105,"href":"https:\/\/ageo.ro\/biz\/wp-json\/wp\/v2\/pages\/127\/revisions"}],"predecessor-version":[{"id":19073,"href":"https:\/\/ageo.ro\/biz\/wp-json\/wp\/v2\/pages\/127\/revisions\/19073"}],"wp:attachment":[{"href":"https:\/\/ageo.ro\/biz\/wp-json\/wp\/v2\/media?parent=127"}],"wp:term":[{"taxonomy":"yst_prominent_words","embeddable":true,"href":"https:\/\/ageo.ro\/biz\/wp-json\/wp\/v2\/yst_prominent_words?post=127"}],"curies":[{"name":"wp","href":"https:\/\/api.w.org\/{rel}","templated":true}]}}