{"id":1076,"date":"2016-06-25T10:45:39","date_gmt":"2016-06-25T10:45:39","guid":{"rendered":"http:\/\/ageo.ro\/biz\/?page_id=1076"},"modified":"2025-04-09T15:38:01","modified_gmt":"2025-04-09T12:38:01","slug":"traininguri-cursuri-acreditate","status":"publish","type":"page","link":"https:\/\/ageo.ro\/biz\/servicii-ageo-biz\/traininguri-cursuri-acreditate\/","title":{"rendered":"Traininguri &#038; cursuri acreditate"},"content":{"rendered":"<div class=\"bt_rc_container\"><section id=\"bt_section69ee32c0adcb1\" data-parallax=\"0.2\" data-parallax-offset=\"0\" class=\"boldSection topExtraSpaced bottomSpaced btDarkSkin gutter inherit btParallax wBackground cover\" style=\"background-image:url('https:\/\/ageo.ro\/biz\/wp-content\/uploads\/2016\/06\/bigstock-Businessman-pointing-at-a-grow-46617841-2.jpg');\" data-animation-icon=\"no_icon\"><div class=\"port\"><div class=\"boldCell\"><div class=\"boldCellInner\"><div class=\"boldRow \" ><div class=\"boldRowInner\"><div class=\"rowItem col-md-12 col-ms-12  btTextCenter animate animate-fadein inherit\"  data-width=\"12\"><div class=\"rowItemContent\" ><header class=\"header btClear extralarge\" ><div class=\"dash\"><h2><span class=\"headline\">Traininguri &amp; cursuri acreditate<\/span><\/h2><\/div><\/header><\/div><\/div><\/div><\/div><\/div><\/div><\/div><\/section><section id=\"bt_section69ee32c0ae33f\"  class=\"boldSection topSpaced bottomSpaced gutter inherit\" ><div class=\"port\"><div class=\"boldCell\"><div class=\"boldCellInner\"><div class=\"boldRow \" ><div class=\"boldRowInner\"><div class=\"rowItem col-md-6 col-sm-12 btTextLeft\"  data-width=\"6\"><div class=\"rowItemContent\" ><div class=\"bpgPhoto btTextCenter\" ><div class = \"btImage\"><img src=\"https:\/\/ageo.ro\/biz\/wp-content\/uploads\/2025\/04\/Traininguri.png\" alt=\"https:\/\/ageo.ro\/biz\/wp-content\/uploads\/2025\/04\/Traininguri.png\" ><\/div><\/div><div class=\"btClear btSeparator topExtraSmallSpaced noBorder\" ><hr><\/div><div class=\"bpgPhoto btTextCenter\" ><div class = \"btImage\"><img src=\"https:\/\/ageo.ro\/biz\/wp-content\/uploads\/2025\/04\/Traininguri-2.png\" alt=\"https:\/\/ageo.ro\/biz\/wp-content\/uploads\/2025\/04\/Traininguri-2.png\" ><\/div><\/div><\/div><\/div><div class=\"rowItem col-md-6 col-sm-12 btTextLeft\"  data-width=\"6\"><div class=\"rowItemContent\" ><div class=\"btText\" ><p style=\"text-align: justify;\">Vrei s\u0103 \u00ee\u021bi \u00eembun\u0103t\u0103\u021be\u0219ti abilit\u0103\u021bile, s\u0103 ob\u021bii certific\u0103ri recunoscute \u0219i s\u0103 \u00ee\u021bi duci cariera la urm\u0103torul nivel? AGEO Events organizeaz\u0103 cursuri acreditate, concepute pentru a-\u021bi oferi cuno\u0219tin\u021bele \u0219i certific\u0103rile de care ai nevoie pentru a-\u021bi atinge obiectivele.<\/p>\n<p><strong><span style=\"color: #373a85;\">Ce cursuri \u00ee\u021bi oferim:<\/span><\/strong><\/p>\n<p>\ud83d\udd37 Marketing &amp; Social Media \u00een era digital\u0103<br \/>\n\ud83d\udd37 Psihologia comunic\u0103rii \u0219i a negocierii \u00een v\u00e2nz\u0103ri<br \/>\n\ud83d\udd37 Comunicare \u0219i v\u00e2nz\u0103ri pentru speciali\u0219tii din diverse meserii liberale<br \/>\n\ud83d\udd37 Public Speaking &amp; Branding Personal<br \/>\n\ud83d\udd37 Management de evenimente<br \/>\n\ud83d\udd37 Comunicarea brandingului personal \u00een era digital\u0103<br \/>\n\ud83d\udd37 TO DO \u2013 Time Management<br \/>\n\ud83d\udd37 Tipologii de personalitate \u0219i managementul echipelor<br \/>\n\ud83d\udd37 Bune maniere \u00een afaceri<\/p>\n<p><strong><span style=\"color: #373a85;\">Cursuri acreditate:<\/span><\/strong><\/p>\n<p>\ud83d\udd37 Competen\u021be antreprenoriale, financiare \u0219i juridice<br \/>\n\ud83d\udd37 Asistent Rela\u021bii Publice \u0219i Comunicare<br \/>\n\ud83d\udd37 Inspector Resurse Umane<br \/>\n\ud83d\udd37 Management Resurse Umane<br \/>\n\ud83d\udd37 Marketing digital<\/p>\n<p>+ alte cursuri la cerere<\/p>\n<\/div><div class=\"btClear btSeparator topSmallSpaced bottomExtraSmallSpaced noBorder\" ><hr><\/div><a href=\"https:\/\/ageo.ro\/biz\/contact\/\" class=\"btBtn btBtn btnFilledStyle btnAccentColor btnSmall btnNormalWidth btnInlinePosition btnNoIcon\" ><span class=\"btnInnerText\">Contacteaz\u0103-ne acum!<\/span><\/a><\/div><\/div><\/div><\/div><\/div><\/div><\/div><\/section><\/div>","protected":false},"excerpt":{"rendered":"","protected":false},"author":1,"featured_media":0,"parent":40,"menu_order":0,"comment_status":"closed","ping_status":"closed","template":"","meta":[],"yst_prominent_words":[],"_links":{"self":[{"href":"https:\/\/ageo.ro\/biz\/wp-json\/wp\/v2\/pages\/1076"}],"collection":[{"href":"https:\/\/ageo.ro\/biz\/wp-json\/wp\/v2\/pages"}],"about":[{"href":"https:\/\/ageo.ro\/biz\/wp-json\/wp\/v2\/types\/page"}],"author":[{"embeddable":true,"href":"https:\/\/ageo.ro\/biz\/wp-json\/wp\/v2\/users\/1"}],"replies":[{"embeddable":true,"href":"https:\/\/ageo.ro\/biz\/wp-json\/wp\/v2\/comments?post=1076"}],"version-history":[{"count":27,"href":"https:\/\/ageo.ro\/biz\/wp-json\/wp\/v2\/pages\/1076\/revisions"}],"predecessor-version":[{"id":19268,"href":"https:\/\/ageo.ro\/biz\/wp-json\/wp\/v2\/pages\/1076\/revisions\/19268"}],"up":[{"embeddable":true,"href":"https:\/\/ageo.ro\/biz\/wp-json\/wp\/v2\/pages\/40"}],"wp:attachment":[{"href":"https:\/\/ageo.ro\/biz\/wp-json\/wp\/v2\/media?parent=1076"}],"wp:term":[{"taxonomy":"yst_prominent_words","embeddable":true,"href":"https:\/\/ageo.ro\/biz\/wp-json\/wp\/v2\/yst_prominent_words?post=1076"}],"curies":[{"name":"wp","href":"https:\/\/api.w.org\/{rel}","templated":true}]}}