{"id":1072,"date":"2016-06-25T10:44:52","date_gmt":"2016-06-25T10:44:52","guid":{"rendered":"http:\/\/ageo.ro\/biz\/?page_id=1072"},"modified":"2025-04-08T15:11:12","modified_gmt":"2025-04-08T12:11:12","slug":"campanii-marketing-pr","status":"publish","type":"page","link":"https:\/\/ageo.ro\/biz\/servicii-ageo-biz\/campanii-marketing-pr\/","title":{"rendered":"Campanii de Marketing &#038; PR"},"content":{"rendered":"<div class=\"bt_rc_container\"><section id=\"bt_section69ee376821335\" data-parallax=\"0.2\" data-parallax-offset=\"0\" class=\"boldSection topExtraSpaced bottomSpaced btDarkSkin gutter inherit btParallax wBackground cover\" style=\"background-image:url('https:\/\/ageo.ro\/biz\/wp-content\/uploads\/2025\/04\/Copy-Cover-Marketing-PR-2.png');\" data-animation-icon=\"no_icon\"><div class=\"port\"><div class=\"boldCell\"><div class=\"boldCellInner\"><div class=\"boldRow \" ><div class=\"boldRowInner\"><div class=\"rowItem col-md-12 col-ms-12  btTextCenter animate animate-fadein inherit\"  data-width=\"12\"><div class=\"rowItemContent\" ><header class=\"header btClear extralarge\" ><div class=\"dash\"><h2><span class=\"headline\">Campanii de Marketing &amp; PR<\/span><\/h2><\/div><\/header><\/div><\/div><\/div><\/div><\/div><\/div><\/div><\/section><section id=\"bt_section69ee3768217f4\"  class=\"boldSection topSpaced bottomSpaced gutter inherit\" ><div class=\"port\"><div class=\"boldCell\"><div class=\"boldCellInner\"><div class=\"boldRow \" ><div class=\"boldRowInner\"><div class=\"rowItem col-md-6 col-sm-12 btTextLeft\"  data-width=\"6\"><div class=\"rowItemContent\" ><div class=\"bpgPhoto btTextCenter\" ><div class = \"btImage\"><img src=\"https:\/\/ageo.ro\/biz\/wp-content\/uploads\/2025\/04\/Campanii-de-marketing-PR-foto.png\" alt=\"https:\/\/ageo.ro\/biz\/wp-content\/uploads\/2025\/04\/Campanii-de-marketing-PR-foto.png\" ><\/div><\/div><div class=\"btClear btSeparator topExtraSmallSpaced noBorder\" ><hr><\/div><div class=\"bpgPhoto btTextCenter\" ><div class = \"btImage\"><img src=\"https:\/\/ageo.ro\/biz\/wp-content\/uploads\/2025\/04\/Studio-AGEO.png\" alt=\"https:\/\/ageo.ro\/biz\/wp-content\/uploads\/2025\/04\/Studio-AGEO.png\" ><\/div><\/div><\/div><\/div><div class=\"rowItem col-md-6 col-sm-12 btTextLeft\"  data-width=\"6\"><div class=\"rowItemContent\" ><div class=\"btText\" ><p style=\"text-align: justify;\">\u00centr-o lume plin\u0103 de zgomot, a ie\u0219i \u00een eviden\u021b\u0103 nu este doar o op\u021biune, ci o necesitate.<\/p>\n<p style=\"text-align: justify;\">La AGEO Events, suntem specializa\u021bi \u00een crearea \u0219i implementarea strategiilor personalizate de marketing \u0219i rela\u021bii publice, menite s\u0103 sporeasc\u0103 vizibilitatea, s\u0103 construiasc\u0103 credibilitate \u0219i s\u0103 stimuleze cre\u0219terea afacerii.<\/p>\n<p><strong><span style=\"color: #373a85;\">Expertiza noastr\u0103:<\/span><\/strong><\/p>\n<p>\ud83d\udd37 Marketing digital<br \/>\n\ud83d\udd37 Campanii integrate<br \/>\n\ud83d\udd37 Comunicare omnichannel<br \/>\n\ud83d\udd37 Creare \u0219i administrare pagini web &amp; social media<br \/>\n\ud83d\udd37 Design grafic<br \/>\n\ud83d\udd37 Creare con\u021binut &amp; copywriting<br \/>\n\ud83d\udd37 Promo\u021bionale &amp; materiale de marketing<br \/>\n\ud83d\udd37 Campanii PR \u0219i evenimente specializate<br \/>\n\ud83d\udd37 Strategie mass-media communication<br \/>\n\ud83d\udd37 Videografie &amp; Fotografie<\/p>\n<p>Brandul t\u0103u are o poveste \u2013 Noi te ajut\u0103m s\u0103 o faci cunoscut\u0103!<\/p>\n<\/div><div class=\"btClear btSeparator topSmallSpaced bottomExtraSmallSpaced noBorder\" ><hr><\/div><a href=\"https:\/\/ageo.ro\/biz\/contact\/\" class=\"btBtn btBtn btnFilledStyle btnAccentColor btnSmall btnNormalWidth btnInlinePosition btnNoIcon\" ><span class=\"btnInnerText\">Contacteaz\u0103-ne acum!<\/span><\/a><\/div><\/div><\/div><\/div><\/div><\/div><\/div><\/section><\/div>","protected":false},"excerpt":{"rendered":"","protected":false},"author":1,"featured_media":0,"parent":40,"menu_order":0,"comment_status":"closed","ping_status":"closed","template":"","meta":[],"yst_prominent_words":[],"_links":{"self":[{"href":"https:\/\/ageo.ro\/biz\/wp-json\/wp\/v2\/pages\/1072"}],"collection":[{"href":"https:\/\/ageo.ro\/biz\/wp-json\/wp\/v2\/pages"}],"about":[{"href":"https:\/\/ageo.ro\/biz\/wp-json\/wp\/v2\/types\/page"}],"author":[{"embeddable":true,"href":"https:\/\/ageo.ro\/biz\/wp-json\/wp\/v2\/users\/1"}],"replies":[{"embeddable":true,"href":"https:\/\/ageo.ro\/biz\/wp-json\/wp\/v2\/comments?post=1072"}],"version-history":[{"count":18,"href":"https:\/\/ageo.ro\/biz\/wp-json\/wp\/v2\/pages\/1072\/revisions"}],"predecessor-version":[{"id":19256,"href":"https:\/\/ageo.ro\/biz\/wp-json\/wp\/v2\/pages\/1072\/revisions\/19256"}],"up":[{"embeddable":true,"href":"https:\/\/ageo.ro\/biz\/wp-json\/wp\/v2\/pages\/40"}],"wp:attachment":[{"href":"https:\/\/ageo.ro\/biz\/wp-json\/wp\/v2\/media?parent=1072"}],"wp:term":[{"taxonomy":"yst_prominent_words","embeddable":true,"href":"https:\/\/ageo.ro\/biz\/wp-json\/wp\/v2\/yst_prominent_words?post=1072"}],"curies":[{"name":"wp","href":"https:\/\/api.w.org\/{rel}","templated":true}]}}